{"id":355933,"date":"2024-04-21T15:35:03","date_gmt":"2024-04-21T13:35:03","guid":{"rendered":"https:\/\/side-med.at\/?post_type=product&#038;p=355933"},"modified":"2024-07-02T00:00:30","modified_gmt":"2024-07-01T22:00:30","slug":"niti-brush-poket-short-titanbuerste-fuer-molaren-set-mit-4-stueck-radiaer-ausgerichtet-nickeltitan-borsten-mit-gebogenen-buersten-buerstenform-breit-winkelstueckschaft-2","status":"publish","type":"product","link":"https:\/\/side-med.at\/en\/product\/niti-brush-poket-short-titanbuerste-fuer-molaren-set-mit-4-stueck-radiaer-ausgerichtet-nickeltitan-borsten-mit-gebogenen-buersten-buerstenform-breit-winkelstueckschaft-2\/","title":{"rendered":"NiTi Brush POKET SHORT, Titanb\u00fcrste, f\u00fcr Molaren SET mit 4 St\u00fcck, radi\u00e4r ausgerichtet,  NickelTitan Borsten, mit gebogenen B\u00fcrsten B\u00fcrstenform: breit,  Winkelst\u00fcckschaft"},"content":{"rendered":"<p>NiTi Brush POCKET SHORT SET mit 4 St\u00fcck<br \/>\nZur effektiven interoralen Reinigung von Implantaten (Titangewinde) bei periimplant\u00e4ren Knochendefekten im Zuge einer chirurgischen Periimplantitisbehandlung. Erm\u00f6glicht eine Signifikante Verk\u00fcrzung der Behandlungszeit.<br \/>\nDie NiTi Pocket Brush ist mit 40 feinsten Ti-Dr\u00e4hten ausgestattet.<br \/>\nEmpfohlene UPM: 300-500 beim Winkelst\u00fcck\/chir. Winkelst\u00fcck<br \/>\n&#8220;<\/p>\n","protected":false},"excerpt":{"rendered":"<p>NiTi Brush POCKET SHORT SET mit 4 St\u00fcck<br \/>\n<a href=\"https:\/\/side-med.at\/wp-content\/uploads\/2020\/11\/Articles-of-NiTi-Brush-for-peri-implantitis-202305-02.pdf\">Articles of NiTi Brush for peri-implantitis 202305-02<\/a><\/p>\n","protected":false},"featured_media":355930,"template":"","meta":[],"product_brand":[],"product_cat":[148],"product_tag":[225,224,221,223,222],"class_list":{"0":"post-355933","1":"product","2":"type-product","3":"status-publish","4":"has-post-thumbnail","6":"product_cat-hans-korea","7":"product_tag-4stueck","8":"product_tag-mit","9":"product_tag-pocket","10":"product_tag-set","11":"product_tag-short","13":"first","14":"instock","15":"taxable","16":"shipping-taxable","17":"purchasable","18":"product-type-simple"},"yoast_head":"<!-- This site is optimized with the Yoast SEO plugin v27.1.1 - https:\/\/yoast.com\/product\/yoast-seo-wordpress\/ -->\n<title>NiTi Brush POKET SHORT, Titanb\u00fcrste, f\u00fcr Molaren SET mit 4 St\u00fcck, radi\u00e4r ausgerichtet, NickelTitan Borsten, mit gebogenen B\u00fcrsten B\u00fcrstenform: breit, Winkelst\u00fcckschaft | Side Medizintechnik<\/title>\n<meta name=\"description\" content=\"NiTi Brush POCKET SHORT SET mit 4 St\u00fcck NEU\" \/>\n<meta name=\"robots\" content=\"index, follow, max-snippet:-1, max-image-preview:large, max-video-preview:-1\" \/>\n<link rel=\"canonical\" href=\"https:\/\/side-med.at\/en\/product\/niti-brush-poket-short-titanbuerste-fuer-molaren-set-mit-4-stueck-radiaer-ausgerichtet-nickeltitan-borsten-mit-gebogenen-buersten-buerstenform-breit-winkelstueckschaft-2\/\" \/>\n<meta property=\"og:locale\" content=\"en_US\" \/>\n<meta property=\"og:type\" content=\"article\" \/>\n<meta property=\"og:title\" content=\"NiTi Brush POKET SHORT, Titanb\u00fcrste, f\u00fcr Molaren SET mit 4 St\u00fcck, radi\u00e4r ausgerichtet, NickelTitan Borsten, mit gebogenen B\u00fcrsten B\u00fcrstenform: breit, Winkelst\u00fcckschaft | Side Medizintechnik\" \/>\n<meta property=\"og:description\" content=\"NiTi Brush POCKET SHORT SET mit 4 St\u00fcck NEU\" \/>\n<meta property=\"og:url\" content=\"https:\/\/side-med.at\/en\/product\/niti-brush-poket-short-titanbuerste-fuer-molaren-set-mit-4-stueck-radiaer-ausgerichtet-nickeltitan-borsten-mit-gebogenen-buersten-buerstenform-breit-winkelstueckschaft-2\/\" \/>\n<meta property=\"og:site_name\" content=\"Side Medizintechnik\" \/>\n<meta property=\"article:modified_time\" content=\"2024-07-01T22:00:30+00:00\" \/>\n<meta property=\"og:image\" content=\"https:\/\/side-med.at\/wp-content\/uploads\/2024\/04\/6aaeaa0904a1f8973d131216f393a31a_niti20brush20poket20short20for20molar.jpg\" \/>\n\t<meta property=\"og:image:width\" content=\"1465\" \/>\n\t<meta property=\"og:image:height\" content=\"795\" \/>\n\t<meta property=\"og:image:type\" content=\"image\/jpeg\" \/>\n<meta name=\"twitter:card\" content=\"summary_large_image\" \/>\n<meta name=\"twitter:label1\" content=\"Est. reading time\" \/>\n\t<meta name=\"twitter:data1\" content=\"1 minute\" \/>\n<script type=\"application\/ld+json\" class=\"yoast-schema-graph\">{\"@context\":\"https:\/\/schema.org\",\"@graph\":[{\"@type\":\"WebPage\",\"@id\":\"https:\/\/side-med.at\/en\/product\/niti-brush-poket-short-titanbuerste-fuer-molaren-set-mit-4-stueck-radiaer-ausgerichtet-nickeltitan-borsten-mit-gebogenen-buersten-buerstenform-breit-winkelstueckschaft-2\/\",\"url\":\"https:\/\/side-med.at\/en\/product\/niti-brush-poket-short-titanbuerste-fuer-molaren-set-mit-4-stueck-radiaer-ausgerichtet-nickeltitan-borsten-mit-gebogenen-buersten-buerstenform-breit-winkelstueckschaft-2\/\",\"name\":\"NiTi Brush POKET SHORT, Titanb\u00fcrste, f\u00fcr Molaren SET mit 4 St\u00fcck, radi\u00e4r ausgerichtet, NickelTitan Borsten, mit gebogenen B\u00fcrsten B\u00fcrstenform: breit, Winkelst\u00fcckschaft | Side Medizintechnik\",\"isPartOf\":{\"@id\":\"https:\/\/side-med.at\/en\/#website\"},\"primaryImageOfPage\":{\"@id\":\"https:\/\/side-med.at\/en\/product\/niti-brush-poket-short-titanbuerste-fuer-molaren-set-mit-4-stueck-radiaer-ausgerichtet-nickeltitan-borsten-mit-gebogenen-buersten-buerstenform-breit-winkelstueckschaft-2\/#primaryimage\"},\"image\":{\"@id\":\"https:\/\/side-med.at\/en\/product\/niti-brush-poket-short-titanbuerste-fuer-molaren-set-mit-4-stueck-radiaer-ausgerichtet-nickeltitan-borsten-mit-gebogenen-buersten-buerstenform-breit-winkelstueckschaft-2\/#primaryimage\"},\"thumbnailUrl\":\"https:\/\/side-med.at\/wp-content\/uploads\/2024\/04\/6aaeaa0904a1f8973d131216f393a31a_niti20brush20poket20short20for20molar.jpg\",\"datePublished\":\"2024-04-21T13:35:03+00:00\",\"dateModified\":\"2024-07-01T22:00:30+00:00\",\"description\":\"NiTi Brush POCKET SHORT SET mit 4 St\u00fcck NEU\",\"breadcrumb\":{\"@id\":\"https:\/\/side-med.at\/en\/product\/niti-brush-poket-short-titanbuerste-fuer-molaren-set-mit-4-stueck-radiaer-ausgerichtet-nickeltitan-borsten-mit-gebogenen-buersten-buerstenform-breit-winkelstueckschaft-2\/#breadcrumb\"},\"inLanguage\":\"en-US\",\"potentialAction\":[{\"@type\":\"ReadAction\",\"target\":[\"https:\/\/side-med.at\/en\/product\/niti-brush-poket-short-titanbuerste-fuer-molaren-set-mit-4-stueck-radiaer-ausgerichtet-nickeltitan-borsten-mit-gebogenen-buersten-buerstenform-breit-winkelstueckschaft-2\/\"]}]},{\"@type\":\"ImageObject\",\"inLanguage\":\"en-US\",\"@id\":\"https:\/\/side-med.at\/en\/product\/niti-brush-poket-short-titanbuerste-fuer-molaren-set-mit-4-stueck-radiaer-ausgerichtet-nickeltitan-borsten-mit-gebogenen-buersten-buerstenform-breit-winkelstueckschaft-2\/#primaryimage\",\"url\":\"https:\/\/side-med.at\/wp-content\/uploads\/2024\/04\/6aaeaa0904a1f8973d131216f393a31a_niti20brush20poket20short20for20molar.jpg\",\"contentUrl\":\"https:\/\/side-med.at\/wp-content\/uploads\/2024\/04\/6aaeaa0904a1f8973d131216f393a31a_niti20brush20poket20short20for20molar.jpg\",\"width\":1465,\"height\":795},{\"@type\":\"BreadcrumbList\",\"@id\":\"https:\/\/side-med.at\/en\/product\/niti-brush-poket-short-titanbuerste-fuer-molaren-set-mit-4-stueck-radiaer-ausgerichtet-nickeltitan-borsten-mit-gebogenen-buersten-buerstenform-breit-winkelstueckschaft-2\/#breadcrumb\",\"itemListElement\":[{\"@type\":\"ListItem\",\"position\":1,\"name\":\"Startseite\",\"item\":\"https:\/\/side-med.at\/en\/\"},{\"@type\":\"ListItem\",\"position\":2,\"name\":\"Products\",\"item\":\"https:\/\/side-med.at\/en\/shop\/\"},{\"@type\":\"ListItem\",\"position\":3,\"name\":\"NiTi Brush POKET SHORT, Titanb\u00fcrste, f\u00fcr Molaren SET mit 4 St\u00fcck, radi\u00e4r ausgerichtet, NickelTitan Borsten, mit gebogenen B\u00fcrsten B\u00fcrstenform: breit, Winkelst\u00fcckschaft\"}]},{\"@type\":\"WebSite\",\"@id\":\"https:\/\/side-med.at\/en\/#website\",\"url\":\"https:\/\/side-med.at\/en\/\",\"name\":\"Side Medizintechnik\",\"description\":\"Seite an Seite zur Perfektion\",\"publisher\":{\"@id\":\"https:\/\/side-med.at\/en\/#organization\"},\"potentialAction\":[{\"@type\":\"SearchAction\",\"target\":{\"@type\":\"EntryPoint\",\"urlTemplate\":\"https:\/\/side-med.at\/en\/?s={search_term_string}\"},\"query-input\":{\"@type\":\"PropertyValueSpecification\",\"valueRequired\":true,\"valueName\":\"search_term_string\"}}],\"inLanguage\":\"en-US\"},{\"@type\":\"Organization\",\"@id\":\"https:\/\/side-med.at\/en\/#organization\",\"name\":\"SIDE MEDIZINTECHNIK GMBH\",\"url\":\"https:\/\/side-med.at\/en\/\",\"logo\":{\"@type\":\"ImageObject\",\"inLanguage\":\"en-US\",\"@id\":\"https:\/\/side-med.at\/en\/#\/schema\/logo\/image\/\",\"url\":\"https:\/\/side-med.at\/wp-content\/uploads\/2020\/11\/sidemed-logo.png\",\"contentUrl\":\"https:\/\/side-med.at\/wp-content\/uploads\/2020\/11\/sidemed-logo.png\",\"width\":156,\"height\":140,\"caption\":\"SIDE MEDIZINTECHNIK GMBH\"},\"image\":{\"@id\":\"https:\/\/side-med.at\/en\/#\/schema\/logo\/image\/\"}}]}<\/script>\n<!-- \/ Yoast SEO plugin. -->","yoast_head_json":{"title":"NiTi Brush POKET SHORT, Titanb\u00fcrste, f\u00fcr Molaren SET mit 4 St\u00fcck, radi\u00e4r ausgerichtet, NickelTitan Borsten, mit gebogenen B\u00fcrsten B\u00fcrstenform: breit, Winkelst\u00fcckschaft | Side Medizintechnik","description":"NiTi Brush POCKET SHORT SET mit 4 St\u00fcck NEU","robots":{"index":"index","follow":"follow","max-snippet":"max-snippet:-1","max-image-preview":"max-image-preview:large","max-video-preview":"max-video-preview:-1"},"canonical":"https:\/\/side-med.at\/en\/product\/niti-brush-poket-short-titanbuerste-fuer-molaren-set-mit-4-stueck-radiaer-ausgerichtet-nickeltitan-borsten-mit-gebogenen-buersten-buerstenform-breit-winkelstueckschaft-2\/","og_locale":"en_US","og_type":"article","og_title":"NiTi Brush POKET SHORT, Titanb\u00fcrste, f\u00fcr Molaren SET mit 4 St\u00fcck, radi\u00e4r ausgerichtet, NickelTitan Borsten, mit gebogenen B\u00fcrsten B\u00fcrstenform: breit, Winkelst\u00fcckschaft | Side Medizintechnik","og_description":"NiTi Brush POCKET SHORT SET mit 4 St\u00fcck NEU","og_url":"https:\/\/side-med.at\/en\/product\/niti-brush-poket-short-titanbuerste-fuer-molaren-set-mit-4-stueck-radiaer-ausgerichtet-nickeltitan-borsten-mit-gebogenen-buersten-buerstenform-breit-winkelstueckschaft-2\/","og_site_name":"Side Medizintechnik","article_modified_time":"2024-07-01T22:00:30+00:00","og_image":[{"width":1465,"height":795,"url":"https:\/\/side-med.at\/wp-content\/uploads\/2024\/04\/6aaeaa0904a1f8973d131216f393a31a_niti20brush20poket20short20for20molar.jpg","type":"image\/jpeg"}],"twitter_card":"summary_large_image","twitter_misc":{"Est. reading time":"1 minute"},"schema":{"@context":"https:\/\/schema.org","@graph":[{"@type":"WebPage","@id":"https:\/\/side-med.at\/en\/product\/niti-brush-poket-short-titanbuerste-fuer-molaren-set-mit-4-stueck-radiaer-ausgerichtet-nickeltitan-borsten-mit-gebogenen-buersten-buerstenform-breit-winkelstueckschaft-2\/","url":"https:\/\/side-med.at\/en\/product\/niti-brush-poket-short-titanbuerste-fuer-molaren-set-mit-4-stueck-radiaer-ausgerichtet-nickeltitan-borsten-mit-gebogenen-buersten-buerstenform-breit-winkelstueckschaft-2\/","name":"NiTi Brush POKET SHORT, Titanb\u00fcrste, f\u00fcr Molaren SET mit 4 St\u00fcck, radi\u00e4r ausgerichtet, NickelTitan Borsten, mit gebogenen B\u00fcrsten B\u00fcrstenform: breit, Winkelst\u00fcckschaft | Side Medizintechnik","isPartOf":{"@id":"https:\/\/side-med.at\/en\/#website"},"primaryImageOfPage":{"@id":"https:\/\/side-med.at\/en\/product\/niti-brush-poket-short-titanbuerste-fuer-molaren-set-mit-4-stueck-radiaer-ausgerichtet-nickeltitan-borsten-mit-gebogenen-buersten-buerstenform-breit-winkelstueckschaft-2\/#primaryimage"},"image":{"@id":"https:\/\/side-med.at\/en\/product\/niti-brush-poket-short-titanbuerste-fuer-molaren-set-mit-4-stueck-radiaer-ausgerichtet-nickeltitan-borsten-mit-gebogenen-buersten-buerstenform-breit-winkelstueckschaft-2\/#primaryimage"},"thumbnailUrl":"https:\/\/side-med.at\/wp-content\/uploads\/2024\/04\/6aaeaa0904a1f8973d131216f393a31a_niti20brush20poket20short20for20molar.jpg","datePublished":"2024-04-21T13:35:03+00:00","dateModified":"2024-07-01T22:00:30+00:00","description":"NiTi Brush POCKET SHORT SET mit 4 St\u00fcck NEU","breadcrumb":{"@id":"https:\/\/side-med.at\/en\/product\/niti-brush-poket-short-titanbuerste-fuer-molaren-set-mit-4-stueck-radiaer-ausgerichtet-nickeltitan-borsten-mit-gebogenen-buersten-buerstenform-breit-winkelstueckschaft-2\/#breadcrumb"},"inLanguage":"en-US","potentialAction":[{"@type":"ReadAction","target":["https:\/\/side-med.at\/en\/product\/niti-brush-poket-short-titanbuerste-fuer-molaren-set-mit-4-stueck-radiaer-ausgerichtet-nickeltitan-borsten-mit-gebogenen-buersten-buerstenform-breit-winkelstueckschaft-2\/"]}]},{"@type":"ImageObject","inLanguage":"en-US","@id":"https:\/\/side-med.at\/en\/product\/niti-brush-poket-short-titanbuerste-fuer-molaren-set-mit-4-stueck-radiaer-ausgerichtet-nickeltitan-borsten-mit-gebogenen-buersten-buerstenform-breit-winkelstueckschaft-2\/#primaryimage","url":"https:\/\/side-med.at\/wp-content\/uploads\/2024\/04\/6aaeaa0904a1f8973d131216f393a31a_niti20brush20poket20short20for20molar.jpg","contentUrl":"https:\/\/side-med.at\/wp-content\/uploads\/2024\/04\/6aaeaa0904a1f8973d131216f393a31a_niti20brush20poket20short20for20molar.jpg","width":1465,"height":795},{"@type":"BreadcrumbList","@id":"https:\/\/side-med.at\/en\/product\/niti-brush-poket-short-titanbuerste-fuer-molaren-set-mit-4-stueck-radiaer-ausgerichtet-nickeltitan-borsten-mit-gebogenen-buersten-buerstenform-breit-winkelstueckschaft-2\/#breadcrumb","itemListElement":[{"@type":"ListItem","position":1,"name":"Startseite","item":"https:\/\/side-med.at\/en\/"},{"@type":"ListItem","position":2,"name":"Products","item":"https:\/\/side-med.at\/en\/shop\/"},{"@type":"ListItem","position":3,"name":"NiTi Brush POKET SHORT, Titanb\u00fcrste, f\u00fcr Molaren SET mit 4 St\u00fcck, radi\u00e4r ausgerichtet, NickelTitan Borsten, mit gebogenen B\u00fcrsten B\u00fcrstenform: breit, Winkelst\u00fcckschaft"}]},{"@type":"WebSite","@id":"https:\/\/side-med.at\/en\/#website","url":"https:\/\/side-med.at\/en\/","name":"Side Medizintechnik","description":"Seite an Seite zur Perfektion","publisher":{"@id":"https:\/\/side-med.at\/en\/#organization"},"potentialAction":[{"@type":"SearchAction","target":{"@type":"EntryPoint","urlTemplate":"https:\/\/side-med.at\/en\/?s={search_term_string}"},"query-input":{"@type":"PropertyValueSpecification","valueRequired":true,"valueName":"search_term_string"}}],"inLanguage":"en-US"},{"@type":"Organization","@id":"https:\/\/side-med.at\/en\/#organization","name":"SIDE MEDIZINTECHNIK GMBH","url":"https:\/\/side-med.at\/en\/","logo":{"@type":"ImageObject","inLanguage":"en-US","@id":"https:\/\/side-med.at\/en\/#\/schema\/logo\/image\/","url":"https:\/\/side-med.at\/wp-content\/uploads\/2020\/11\/sidemed-logo.png","contentUrl":"https:\/\/side-med.at\/wp-content\/uploads\/2020\/11\/sidemed-logo.png","width":156,"height":140,"caption":"SIDE MEDIZINTECHNIK GMBH"},"image":{"@id":"https:\/\/side-med.at\/en\/#\/schema\/logo\/image\/"}}]}},"df_price":119,"df_sale_price":"","df_regular_price":119,"df_image_link":"https:\/\/side-med.at\/wp-content\/uploads\/2024\/04\/6aaeaa0904a1f8973d131216f393a31a_niti20brush20poket20short20for20molar-300x163.jpg","_links":{"self":[{"href":"https:\/\/side-med.at\/en\/wp-json\/wp\/v2\/product\/355933","targetHints":{"allow":["GET"]}}],"collection":[{"href":"https:\/\/side-med.at\/en\/wp-json\/wp\/v2\/product"}],"about":[{"href":"https:\/\/side-med.at\/en\/wp-json\/wp\/v2\/types\/product"}],"wp:featuredmedia":[{"embeddable":true,"href":"https:\/\/side-med.at\/en\/wp-json\/wp\/v2\/media\/355930"}],"wp:attachment":[{"href":"https:\/\/side-med.at\/en\/wp-json\/wp\/v2\/media?parent=355933"}],"wp:term":[{"taxonomy":"product_brand","embeddable":true,"href":"https:\/\/side-med.at\/en\/wp-json\/wp\/v2\/product_brand?post=355933"},{"taxonomy":"product_cat","embeddable":true,"href":"https:\/\/side-med.at\/en\/wp-json\/wp\/v2\/product_cat?post=355933"},{"taxonomy":"product_tag","embeddable":true,"href":"https:\/\/side-med.at\/en\/wp-json\/wp\/v2\/product_tag?post=355933"}],"curies":[{"name":"wp","href":"https:\/\/api.w.org\/{rel}","templated":true}]}}