{"id":346363,"date":"2021-11-15T11:47:34","date_gmt":"2021-11-15T10:54:18","guid":{"rendered":"https:\/\/side-med.at\/product\/produkt-4\/"},"modified":"2022-02-03T13:56:24","modified_gmt":"2022-02-03T12:56:24","slug":"produkt-4-230","status":"publish","type":"product","link":"https:\/\/side-med.at\/en\/product\/produkt-4-230\/","title":{"rendered":"Spezial \u00d6lspray zur Instrumenten-Pflege, 500 ml, geeigent f\u00fcr Dampf- oder Hei\u00dfluft Sterilisation, bis max. 150\u00b0"},"content":{"rendered":"<p>Spezial \u00d6lspray sorgt f\u00fcr die umfassende Pflege und bessere Sterilisierbarkeit medizinischer Instrumente und starrer Endoskope. Um die Werterhaltung und den Schutz der Instrumente z.B. vor Reibungskorrosion zu gew\u00e4hrleisten, erf\u00fcllt dieses \u00d6l hohe Reinheitsanforderungen und besitzt beste Schmiereigenschaften.<\/p>\n","protected":false},"excerpt":{"rendered":"<p>Spezial \u00d6lspray sorgt f\u00fcr die umfassende Pflege und bessere Sterilisierbarkeit medizinischer Instrumente und starrer Endoskope. Um die Werterhaltung und den Schutz der Instrumente z.B. vor Reibungskorrosion zu gew\u00e4hrleisten, erf\u00fcllt dieses \u00d6l hohe Reinheitsanforderungen und besitzt beste Schmiereigenschaften.<\/p>\n","protected":false},"featured_media":0,"template":"","meta":[],"product_brand":[],"product_cat":[161],"product_tag":[],"class_list":{"0":"post-346363","1":"product","2":"type-product","3":"status-publish","5":"product_cat-stoma-en","7":"first","8":"instock","9":"taxable","10":"shipping-taxable","11":"purchasable","12":"product-type-simple"},"yoast_head":"<!-- This site is optimized with the Yoast SEO plugin v27.1.1 - https:\/\/yoast.com\/product\/yoast-seo-wordpress\/ -->\n<title>Spezial \u00d6lspray zur Instrumenten-Pflege, 500 ml, geeigent f\u00fcr Dampf- oder Hei\u00dfluft Sterilisation, bis max. 150\u00b0 | Side Medizintechnik<\/title>\n<meta name=\"robots\" content=\"index, follow, max-snippet:-1, max-image-preview:large, max-video-preview:-1\" \/>\n<link rel=\"canonical\" href=\"https:\/\/side-med.at\/en\/product\/produkt-4-230\/\" \/>\n<meta property=\"og:locale\" content=\"en_US\" \/>\n<meta property=\"og:type\" content=\"article\" \/>\n<meta property=\"og:title\" content=\"Spezial \u00d6lspray zur Instrumenten-Pflege, 500 ml, geeigent f\u00fcr Dampf- oder Hei\u00dfluft Sterilisation, bis max. 150\u00b0 | Side Medizintechnik\" \/>\n<meta property=\"og:description\" content=\"Spezial \u00d6lspray sorgt f\u00fcr die umfassende Pflege und bessere Sterilisierbarkeit medizinischer Instrumente und starrer Endoskope. Um die Werterhaltung und den Schutz der Instrumente z.B. vor Reibungskorrosion zu gew\u00e4hrleisten, erf\u00fcllt dieses \u00d6l hohe Reinheitsanforderungen und besitzt beste Schmiereigenschaften.\" \/>\n<meta property=\"og:url\" content=\"https:\/\/side-med.at\/en\/product\/produkt-4-230\/\" \/>\n<meta property=\"og:site_name\" content=\"Side Medizintechnik\" \/>\n<meta property=\"article:modified_time\" content=\"2022-02-03T12:56:24+00:00\" \/>\n<meta name=\"twitter:card\" content=\"summary_large_image\" \/>\n<script type=\"application\/ld+json\" class=\"yoast-schema-graph\">{\"@context\":\"https:\/\/schema.org\",\"@graph\":[{\"@type\":\"WebPage\",\"@id\":\"https:\/\/side-med.at\/en\/product\/produkt-4-230\/\",\"url\":\"https:\/\/side-med.at\/en\/product\/produkt-4-230\/\",\"name\":\"Spezial \u00d6lspray zur Instrumenten-Pflege, 500 ml, geeigent f\u00fcr Dampf- oder Hei\u00dfluft Sterilisation, bis max. 150\u00b0 | Side Medizintechnik\",\"isPartOf\":{\"@id\":\"https:\/\/side-med.at\/en\/#website\"},\"datePublished\":\"2021-11-15T10:54:18+00:00\",\"dateModified\":\"2022-02-03T12:56:24+00:00\",\"breadcrumb\":{\"@id\":\"https:\/\/side-med.at\/en\/product\/produkt-4-230\/#breadcrumb\"},\"inLanguage\":\"en-US\",\"potentialAction\":[{\"@type\":\"ReadAction\",\"target\":[\"https:\/\/side-med.at\/en\/product\/produkt-4-230\/\"]}]},{\"@type\":\"BreadcrumbList\",\"@id\":\"https:\/\/side-med.at\/en\/product\/produkt-4-230\/#breadcrumb\",\"itemListElement\":[{\"@type\":\"ListItem\",\"position\":1,\"name\":\"Startseite\",\"item\":\"https:\/\/side-med.at\/en\/\"},{\"@type\":\"ListItem\",\"position\":2,\"name\":\"Products\",\"item\":\"https:\/\/side-med.at\/en\/shop\/\"},{\"@type\":\"ListItem\",\"position\":3,\"name\":\"Spezial \u00d6lspray zur Instrumenten-Pflege, 500 ml, geeigent f\u00fcr Dampf- oder Hei\u00dfluft Sterilisation, bis max. 150\u00b0\"}]},{\"@type\":\"WebSite\",\"@id\":\"https:\/\/side-med.at\/en\/#website\",\"url\":\"https:\/\/side-med.at\/en\/\",\"name\":\"Side Medizintechnik\",\"description\":\"Seite an Seite zur Perfektion\",\"publisher\":{\"@id\":\"https:\/\/side-med.at\/en\/#organization\"},\"potentialAction\":[{\"@type\":\"SearchAction\",\"target\":{\"@type\":\"EntryPoint\",\"urlTemplate\":\"https:\/\/side-med.at\/en\/?s={search_term_string}\"},\"query-input\":{\"@type\":\"PropertyValueSpecification\",\"valueRequired\":true,\"valueName\":\"search_term_string\"}}],\"inLanguage\":\"en-US\"},{\"@type\":\"Organization\",\"@id\":\"https:\/\/side-med.at\/en\/#organization\",\"name\":\"SIDE MEDIZINTECHNIK GMBH\",\"url\":\"https:\/\/side-med.at\/en\/\",\"logo\":{\"@type\":\"ImageObject\",\"inLanguage\":\"en-US\",\"@id\":\"https:\/\/side-med.at\/en\/#\/schema\/logo\/image\/\",\"url\":\"https:\/\/side-med.at\/wp-content\/uploads\/2020\/11\/sidemed-logo.png\",\"contentUrl\":\"https:\/\/side-med.at\/wp-content\/uploads\/2020\/11\/sidemed-logo.png\",\"width\":156,\"height\":140,\"caption\":\"SIDE MEDIZINTECHNIK GMBH\"},\"image\":{\"@id\":\"https:\/\/side-med.at\/en\/#\/schema\/logo\/image\/\"}}]}<\/script>\n<!-- \/ Yoast SEO plugin. -->","yoast_head_json":{"title":"Spezial \u00d6lspray zur Instrumenten-Pflege, 500 ml, geeigent f\u00fcr Dampf- oder Hei\u00dfluft Sterilisation, bis max. 150\u00b0 | Side Medizintechnik","robots":{"index":"index","follow":"follow","max-snippet":"max-snippet:-1","max-image-preview":"max-image-preview:large","max-video-preview":"max-video-preview:-1"},"canonical":"https:\/\/side-med.at\/en\/product\/produkt-4-230\/","og_locale":"en_US","og_type":"article","og_title":"Spezial \u00d6lspray zur Instrumenten-Pflege, 500 ml, geeigent f\u00fcr Dampf- oder Hei\u00dfluft Sterilisation, bis max. 150\u00b0 | Side Medizintechnik","og_description":"Spezial \u00d6lspray sorgt f\u00fcr die umfassende Pflege und bessere Sterilisierbarkeit medizinischer Instrumente und starrer Endoskope. Um die Werterhaltung und den Schutz der Instrumente z.B. vor Reibungskorrosion zu gew\u00e4hrleisten, erf\u00fcllt dieses \u00d6l hohe Reinheitsanforderungen und besitzt beste Schmiereigenschaften.","og_url":"https:\/\/side-med.at\/en\/product\/produkt-4-230\/","og_site_name":"Side Medizintechnik","article_modified_time":"2022-02-03T12:56:24+00:00","twitter_card":"summary_large_image","schema":{"@context":"https:\/\/schema.org","@graph":[{"@type":"WebPage","@id":"https:\/\/side-med.at\/en\/product\/produkt-4-230\/","url":"https:\/\/side-med.at\/en\/product\/produkt-4-230\/","name":"Spezial \u00d6lspray zur Instrumenten-Pflege, 500 ml, geeigent f\u00fcr Dampf- oder Hei\u00dfluft Sterilisation, bis max. 150\u00b0 | Side Medizintechnik","isPartOf":{"@id":"https:\/\/side-med.at\/en\/#website"},"datePublished":"2021-11-15T10:54:18+00:00","dateModified":"2022-02-03T12:56:24+00:00","breadcrumb":{"@id":"https:\/\/side-med.at\/en\/product\/produkt-4-230\/#breadcrumb"},"inLanguage":"en-US","potentialAction":[{"@type":"ReadAction","target":["https:\/\/side-med.at\/en\/product\/produkt-4-230\/"]}]},{"@type":"BreadcrumbList","@id":"https:\/\/side-med.at\/en\/product\/produkt-4-230\/#breadcrumb","itemListElement":[{"@type":"ListItem","position":1,"name":"Startseite","item":"https:\/\/side-med.at\/en\/"},{"@type":"ListItem","position":2,"name":"Products","item":"https:\/\/side-med.at\/en\/shop\/"},{"@type":"ListItem","position":3,"name":"Spezial \u00d6lspray zur Instrumenten-Pflege, 500 ml, geeigent f\u00fcr Dampf- oder Hei\u00dfluft Sterilisation, bis max. 150\u00b0"}]},{"@type":"WebSite","@id":"https:\/\/side-med.at\/en\/#website","url":"https:\/\/side-med.at\/en\/","name":"Side Medizintechnik","description":"Seite an Seite zur Perfektion","publisher":{"@id":"https:\/\/side-med.at\/en\/#organization"},"potentialAction":[{"@type":"SearchAction","target":{"@type":"EntryPoint","urlTemplate":"https:\/\/side-med.at\/en\/?s={search_term_string}"},"query-input":{"@type":"PropertyValueSpecification","valueRequired":true,"valueName":"search_term_string"}}],"inLanguage":"en-US"},{"@type":"Organization","@id":"https:\/\/side-med.at\/en\/#organization","name":"SIDE MEDIZINTECHNIK GMBH","url":"https:\/\/side-med.at\/en\/","logo":{"@type":"ImageObject","inLanguage":"en-US","@id":"https:\/\/side-med.at\/en\/#\/schema\/logo\/image\/","url":"https:\/\/side-med.at\/wp-content\/uploads\/2020\/11\/sidemed-logo.png","contentUrl":"https:\/\/side-med.at\/wp-content\/uploads\/2020\/11\/sidemed-logo.png","width":156,"height":140,"caption":"SIDE MEDIZINTECHNIK GMBH"},"image":{"@id":"https:\/\/side-med.at\/en\/#\/schema\/logo\/image\/"}}]}},"df_price":16.9,"df_sale_price":"","df_regular_price":16.9,"df_image_link":"https:\/\/side-med.at\/wp-content\/uploads\/2020\/12\/default-img.jpg","_links":{"self":[{"href":"https:\/\/side-med.at\/en\/wp-json\/wp\/v2\/product\/346363","targetHints":{"allow":["GET"]}}],"collection":[{"href":"https:\/\/side-med.at\/en\/wp-json\/wp\/v2\/product"}],"about":[{"href":"https:\/\/side-med.at\/en\/wp-json\/wp\/v2\/types\/product"}],"wp:attachment":[{"href":"https:\/\/side-med.at\/en\/wp-json\/wp\/v2\/media?parent=346363"}],"wp:term":[{"taxonomy":"product_brand","embeddable":true,"href":"https:\/\/side-med.at\/en\/wp-json\/wp\/v2\/product_brand?post=346363"},{"taxonomy":"product_cat","embeddable":true,"href":"https:\/\/side-med.at\/en\/wp-json\/wp\/v2\/product_cat?post=346363"},{"taxonomy":"product_tag","embeddable":true,"href":"https:\/\/side-med.at\/en\/wp-json\/wp\/v2\/product_tag?post=346363"}],"curies":[{"name":"wp","href":"https:\/\/api.w.org\/{rel}","templated":true}]}}