{"id":190058,"date":"2020-11-26T19:36:10","date_gmt":"2020-11-26T18:36:10","guid":{"rendered":"https:\/\/side-med.waas.works\/produkt\/produkt-4\/"},"modified":"2025-11-24T15:46:30","modified_gmt":"2025-11-24T14:46:30","slug":"produkt-4-172","status":"publish","type":"product","link":"https:\/\/side-med.at\/en\/product\/produkt-4-172\/","title":{"rendered":"NiTi Brush NANO\/POKET Titanb\u00fcrste, MIX set,  4 units\/box"},"content":{"rendered":"<p>&#8220;Titanium Brush Set<br \/>\nNiti Brush for peri-implantitis<br \/>\nNiTi Brushes are made of special materials to minimize implant damage.<br \/>\nOptimized design for maximum accessibility&#8221;<\/p>\n","protected":false},"excerpt":{"rendered":"<p><a href=\"https:\/\/side-med.at\/wp-content\/uploads\/2020\/11\/Articles-of-NiTi-Brush-for-peri-implantitis-202305-02.pdf\">Articles of NiTi Brush for peri-implantitis 202305-02<\/a><\/p>\n<p>SET NiTi Brush NANO mit 4 NiTi Brushes ( 2x NANO Brush, radi\u00e4r ausgerichtet und 2x POCKET Brush)<br \/>\nBei engen Kavit\u00e4ten somit ein leichter Zugang.<\/p>\n<p>&nbsp;<\/p>\n","protected":false},"featured_media":350319,"template":"","meta":[],"product_brand":[],"product_cat":[157],"product_tag":[],"class_list":{"0":"post-190058","1":"product","2":"type-product","3":"status-publish","4":"has-post-thumbnail","6":"product_cat-hans-korea-en","8":"first","9":"instock","10":"taxable","11":"shipping-taxable","12":"purchasable","13":"product-type-simple"},"yoast_head":"<!-- This site is optimized with the Yoast SEO plugin v27.1.1 - https:\/\/yoast.com\/product\/yoast-seo-wordpress\/ -->\n<title>NiTi Brush NANO\/POKET Titanb\u00fcrste, MIX set, 4 units\/box | Side Medizintechnik<\/title>\n<meta name=\"description\" content=\"Die NiTi NANO Brush ist mit 40 feinsten Ti-Dr\u00e4hten ausgestattet. Die NiTi Brush Titanb\u00fcrste erm\u00f6glicht somit ein leichter Zugang. Nur zum einmaligen Gebrauch.\" \/>\n<meta name=\"robots\" content=\"index, follow, max-snippet:-1, max-image-preview:large, max-video-preview:-1\" \/>\n<link rel=\"canonical\" href=\"https:\/\/side-med.at\/en\/product\/produkt-4-172\/\" \/>\n<meta property=\"og:locale\" content=\"en_US\" \/>\n<meta property=\"og:type\" content=\"article\" \/>\n<meta property=\"og:title\" content=\"NiTi Brush NANO\/POKET Titanb\u00fcrste, MIX set, 4 units\/box | Side Medizintechnik\" \/>\n<meta property=\"og:description\" content=\"Die NiTi NANO Brush ist mit 40 feinsten Ti-Dr\u00e4hten ausgestattet. Die NiTi Brush Titanb\u00fcrste erm\u00f6glicht somit ein leichter Zugang. Nur zum einmaligen Gebrauch.\" \/>\n<meta property=\"og:url\" content=\"https:\/\/side-med.at\/en\/product\/produkt-4-172\/\" \/>\n<meta property=\"og:site_name\" content=\"Side Medizintechnik\" \/>\n<meta property=\"article:modified_time\" content=\"2025-11-24T14:46:30+00:00\" \/>\n<meta property=\"og:image\" content=\"https:\/\/side-med.at\/wp-content\/uploads\/2022\/02\/96bd46c91548a7d14197fd68d11b3e60_niti20brush20mix20set-1.jpg\" \/>\n\t<meta property=\"og:image:width\" content=\"458\" \/>\n\t<meta property=\"og:image:height\" content=\"458\" \/>\n\t<meta property=\"og:image:type\" content=\"image\/jpeg\" \/>\n<meta name=\"twitter:card\" content=\"summary_large_image\" \/>\n<meta name=\"twitter:label1\" content=\"Est. reading time\" \/>\n\t<meta name=\"twitter:data1\" content=\"1 minute\" \/>\n<script type=\"application\/ld+json\" class=\"yoast-schema-graph\">{\"@context\":\"https:\/\/schema.org\",\"@graph\":[{\"@type\":\"WebPage\",\"@id\":\"https:\/\/side-med.at\/en\/product\/produkt-4-172\/\",\"url\":\"https:\/\/side-med.at\/en\/product\/produkt-4-172\/\",\"name\":\"NiTi Brush NANO\/POKET Titanb\u00fcrste, MIX set, 4 units\/box | Side Medizintechnik\",\"isPartOf\":{\"@id\":\"https:\/\/side-med.at\/en\/#website\"},\"primaryImageOfPage\":{\"@id\":\"https:\/\/side-med.at\/en\/product\/produkt-4-172\/#primaryimage\"},\"image\":{\"@id\":\"https:\/\/side-med.at\/en\/product\/produkt-4-172\/#primaryimage\"},\"thumbnailUrl\":\"https:\/\/side-med.at\/wp-content\/uploads\/2022\/02\/96bd46c91548a7d14197fd68d11b3e60_niti20brush20mix20set.jpg\",\"datePublished\":\"2020-11-26T18:36:10+00:00\",\"dateModified\":\"2025-11-24T14:46:30+00:00\",\"description\":\"Die NiTi NANO Brush ist mit 40 feinsten Ti-Dr\u00e4hten ausgestattet. Die NiTi Brush Titanb\u00fcrste erm\u00f6glicht somit ein leichter Zugang. Nur zum einmaligen Gebrauch.\",\"breadcrumb\":{\"@id\":\"https:\/\/side-med.at\/en\/product\/produkt-4-172\/#breadcrumb\"},\"inLanguage\":\"en-US\",\"potentialAction\":[{\"@type\":\"ReadAction\",\"target\":[\"https:\/\/side-med.at\/en\/product\/produkt-4-172\/\"]}]},{\"@type\":\"ImageObject\",\"inLanguage\":\"en-US\",\"@id\":\"https:\/\/side-med.at\/en\/product\/produkt-4-172\/#primaryimage\",\"url\":\"https:\/\/side-med.at\/wp-content\/uploads\/2022\/02\/96bd46c91548a7d14197fd68d11b3e60_niti20brush20mix20set.jpg\",\"contentUrl\":\"https:\/\/side-med.at\/wp-content\/uploads\/2022\/02\/96bd46c91548a7d14197fd68d11b3e60_niti20brush20mix20set.jpg\",\"width\":458,\"height\":458},{\"@type\":\"BreadcrumbList\",\"@id\":\"https:\/\/side-med.at\/en\/product\/produkt-4-172\/#breadcrumb\",\"itemListElement\":[{\"@type\":\"ListItem\",\"position\":1,\"name\":\"Startseite\",\"item\":\"https:\/\/side-med.at\/en\/\"},{\"@type\":\"ListItem\",\"position\":2,\"name\":\"Products\",\"item\":\"https:\/\/side-med.at\/en\/shop\/\"},{\"@type\":\"ListItem\",\"position\":3,\"name\":\"NiTi Brush NANO\/POKET Titanb\u00fcrste, MIX set, 4 units\/box\"}]},{\"@type\":\"WebSite\",\"@id\":\"https:\/\/side-med.at\/en\/#website\",\"url\":\"https:\/\/side-med.at\/en\/\",\"name\":\"Side Medizintechnik\",\"description\":\"Seite an Seite zur Perfektion\",\"publisher\":{\"@id\":\"https:\/\/side-med.at\/en\/#organization\"},\"potentialAction\":[{\"@type\":\"SearchAction\",\"target\":{\"@type\":\"EntryPoint\",\"urlTemplate\":\"https:\/\/side-med.at\/en\/?s={search_term_string}\"},\"query-input\":{\"@type\":\"PropertyValueSpecification\",\"valueRequired\":true,\"valueName\":\"search_term_string\"}}],\"inLanguage\":\"en-US\"},{\"@type\":\"Organization\",\"@id\":\"https:\/\/side-med.at\/en\/#organization\",\"name\":\"SIDE MEDIZINTECHNIK GMBH\",\"url\":\"https:\/\/side-med.at\/en\/\",\"logo\":{\"@type\":\"ImageObject\",\"inLanguage\":\"en-US\",\"@id\":\"https:\/\/side-med.at\/en\/#\/schema\/logo\/image\/\",\"url\":\"https:\/\/side-med.at\/wp-content\/uploads\/2020\/11\/sidemed-logo.png\",\"contentUrl\":\"https:\/\/side-med.at\/wp-content\/uploads\/2020\/11\/sidemed-logo.png\",\"width\":156,\"height\":140,\"caption\":\"SIDE MEDIZINTECHNIK GMBH\"},\"image\":{\"@id\":\"https:\/\/side-med.at\/en\/#\/schema\/logo\/image\/\"}}]}<\/script>\n<!-- \/ Yoast SEO plugin. -->","yoast_head_json":{"title":"NiTi Brush NANO\/POKET Titanb\u00fcrste, MIX set, 4 units\/box | Side Medizintechnik","description":"Die NiTi NANO Brush ist mit 40 feinsten Ti-Dr\u00e4hten ausgestattet. Die NiTi Brush Titanb\u00fcrste erm\u00f6glicht somit ein leichter Zugang. Nur zum einmaligen Gebrauch.","robots":{"index":"index","follow":"follow","max-snippet":"max-snippet:-1","max-image-preview":"max-image-preview:large","max-video-preview":"max-video-preview:-1"},"canonical":"https:\/\/side-med.at\/en\/product\/produkt-4-172\/","og_locale":"en_US","og_type":"article","og_title":"NiTi Brush NANO\/POKET Titanb\u00fcrste, MIX set, 4 units\/box | Side Medizintechnik","og_description":"Die NiTi NANO Brush ist mit 40 feinsten Ti-Dr\u00e4hten ausgestattet. Die NiTi Brush Titanb\u00fcrste erm\u00f6glicht somit ein leichter Zugang. Nur zum einmaligen Gebrauch.","og_url":"https:\/\/side-med.at\/en\/product\/produkt-4-172\/","og_site_name":"Side Medizintechnik","article_modified_time":"2025-11-24T14:46:30+00:00","og_image":[{"width":458,"height":458,"url":"https:\/\/side-med.at\/wp-content\/uploads\/2022\/02\/96bd46c91548a7d14197fd68d11b3e60_niti20brush20mix20set-1.jpg","type":"image\/jpeg"}],"twitter_card":"summary_large_image","twitter_misc":{"Est. reading time":"1 minute"},"schema":{"@context":"https:\/\/schema.org","@graph":[{"@type":"WebPage","@id":"https:\/\/side-med.at\/en\/product\/produkt-4-172\/","url":"https:\/\/side-med.at\/en\/product\/produkt-4-172\/","name":"NiTi Brush NANO\/POKET Titanb\u00fcrste, MIX set, 4 units\/box | Side Medizintechnik","isPartOf":{"@id":"https:\/\/side-med.at\/en\/#website"},"primaryImageOfPage":{"@id":"https:\/\/side-med.at\/en\/product\/produkt-4-172\/#primaryimage"},"image":{"@id":"https:\/\/side-med.at\/en\/product\/produkt-4-172\/#primaryimage"},"thumbnailUrl":"https:\/\/side-med.at\/wp-content\/uploads\/2022\/02\/96bd46c91548a7d14197fd68d11b3e60_niti20brush20mix20set.jpg","datePublished":"2020-11-26T18:36:10+00:00","dateModified":"2025-11-24T14:46:30+00:00","description":"Die NiTi NANO Brush ist mit 40 feinsten Ti-Dr\u00e4hten ausgestattet. Die NiTi Brush Titanb\u00fcrste erm\u00f6glicht somit ein leichter Zugang. Nur zum einmaligen Gebrauch.","breadcrumb":{"@id":"https:\/\/side-med.at\/en\/product\/produkt-4-172\/#breadcrumb"},"inLanguage":"en-US","potentialAction":[{"@type":"ReadAction","target":["https:\/\/side-med.at\/en\/product\/produkt-4-172\/"]}]},{"@type":"ImageObject","inLanguage":"en-US","@id":"https:\/\/side-med.at\/en\/product\/produkt-4-172\/#primaryimage","url":"https:\/\/side-med.at\/wp-content\/uploads\/2022\/02\/96bd46c91548a7d14197fd68d11b3e60_niti20brush20mix20set.jpg","contentUrl":"https:\/\/side-med.at\/wp-content\/uploads\/2022\/02\/96bd46c91548a7d14197fd68d11b3e60_niti20brush20mix20set.jpg","width":458,"height":458},{"@type":"BreadcrumbList","@id":"https:\/\/side-med.at\/en\/product\/produkt-4-172\/#breadcrumb","itemListElement":[{"@type":"ListItem","position":1,"name":"Startseite","item":"https:\/\/side-med.at\/en\/"},{"@type":"ListItem","position":2,"name":"Products","item":"https:\/\/side-med.at\/en\/shop\/"},{"@type":"ListItem","position":3,"name":"NiTi Brush NANO\/POKET Titanb\u00fcrste, MIX set, 4 units\/box"}]},{"@type":"WebSite","@id":"https:\/\/side-med.at\/en\/#website","url":"https:\/\/side-med.at\/en\/","name":"Side Medizintechnik","description":"Seite an Seite zur Perfektion","publisher":{"@id":"https:\/\/side-med.at\/en\/#organization"},"potentialAction":[{"@type":"SearchAction","target":{"@type":"EntryPoint","urlTemplate":"https:\/\/side-med.at\/en\/?s={search_term_string}"},"query-input":{"@type":"PropertyValueSpecification","valueRequired":true,"valueName":"search_term_string"}}],"inLanguage":"en-US"},{"@type":"Organization","@id":"https:\/\/side-med.at\/en\/#organization","name":"SIDE MEDIZINTECHNIK GMBH","url":"https:\/\/side-med.at\/en\/","logo":{"@type":"ImageObject","inLanguage":"en-US","@id":"https:\/\/side-med.at\/en\/#\/schema\/logo\/image\/","url":"https:\/\/side-med.at\/wp-content\/uploads\/2020\/11\/sidemed-logo.png","contentUrl":"https:\/\/side-med.at\/wp-content\/uploads\/2020\/11\/sidemed-logo.png","width":156,"height":140,"caption":"SIDE MEDIZINTECHNIK GMBH"},"image":{"@id":"https:\/\/side-med.at\/en\/#\/schema\/logo\/image\/"}}]}},"df_price":114,"df_sale_price":"","df_regular_price":114,"df_image_link":"https:\/\/side-med.at\/wp-content\/uploads\/2022\/02\/96bd46c91548a7d14197fd68d11b3e60_niti20brush20mix20set-300x300.jpg","_links":{"self":[{"href":"https:\/\/side-med.at\/en\/wp-json\/wp\/v2\/product\/190058","targetHints":{"allow":["GET"]}}],"collection":[{"href":"https:\/\/side-med.at\/en\/wp-json\/wp\/v2\/product"}],"about":[{"href":"https:\/\/side-med.at\/en\/wp-json\/wp\/v2\/types\/product"}],"wp:featuredmedia":[{"embeddable":true,"href":"https:\/\/side-med.at\/en\/wp-json\/wp\/v2\/media\/350319"}],"wp:attachment":[{"href":"https:\/\/side-med.at\/en\/wp-json\/wp\/v2\/media?parent=190058"}],"wp:term":[{"taxonomy":"product_brand","embeddable":true,"href":"https:\/\/side-med.at\/en\/wp-json\/wp\/v2\/product_brand?post=190058"},{"taxonomy":"product_cat","embeddable":true,"href":"https:\/\/side-med.at\/en\/wp-json\/wp\/v2\/product_cat?post=190058"},{"taxonomy":"product_tag","embeddable":true,"href":"https:\/\/side-med.at\/en\/wp-json\/wp\/v2\/product_tag?post=190058"}],"curies":[{"name":"wp","href":"https:\/\/api.w.org\/{rel}","templated":true}]}}