{"id":178977,"date":"2020-11-20T14:51:05","date_gmt":"2020-11-20T14:15:46","guid":{"rendered":"https:\/\/side-med.waas.works\/produkt\/produkt-4\/"},"modified":"2025-02-28T12:47:27","modified_gmt":"2025-02-28T11:47:27","slug":"produkt-4-186","status":"publish","type":"product","link":"https:\/\/side-med.at\/en\/product\/produkt-4-186\/","title":{"rendered":"Kieferwinkelhaken, links, 22cm"},"content":{"rendered":"<p>Der Haken ist besonders f\u00fcr die Wundgebietsdarstellung im<br \/>\nKieferwinkelbereich geformt. Durch die Formgebung kann<br \/>\ndie Masseterschlinge sicher abgehalten werden, so dass hier<br \/>\nleicht Knochenblockentnahmen oder auch die Entfernung<br \/>\ntief retinierter Sapientes durchgef\u00fchrt werden k\u00f6nnen; Kieferwinkelfrakturen<br \/>\nk\u00f6nnen \u00fcbersichtlich dargestellt werden und<br \/>\nerweitern das Einsatzgebiet erheblich.<\/p>\n","protected":false},"excerpt":{"rendered":"<p>Der Haken ist besonders f\u00fcr die Wundgebietsdarstellung im Kieferwinkelbereich geformt. Durch die Formgebung kann die Masseterschlinge sicher abgehalten werden, so dass hier leicht Knochenblockentnahmen oder auch die Entfernung tief retinierter Sapientes durchgef\u00fchrt werden k\u00f6nnen; Kieferwinkelfrakturen k\u00f6nnen \u00fcbersichtlich dargestellt werden und erweitern das Einsatzgebiet erheblich.<\/p>\n","protected":false},"featured_media":352762,"template":"","meta":[],"product_brand":[],"product_cat":[161],"product_tag":[],"class_list":{"0":"post-178977","1":"product","2":"type-product","3":"status-publish","4":"has-post-thumbnail","6":"product_cat-stoma-en","8":"first","9":"instock","10":"taxable","11":"shipping-taxable","12":"purchasable","13":"product-type-simple"},"yoast_head":"<!-- This site is optimized with the Yoast SEO plugin v27.1.1 - https:\/\/yoast.com\/product\/yoast-seo-wordpress\/ -->\n<title>Kieferwinkelhaken, links, 22cm | Side Medizintechnik<\/title>\n<meta name=\"robots\" content=\"index, follow, max-snippet:-1, max-image-preview:large, max-video-preview:-1\" \/>\n<link rel=\"canonical\" href=\"https:\/\/side-med.at\/en\/product\/produkt-4-186\/\" \/>\n<meta property=\"og:locale\" content=\"en_US\" \/>\n<meta property=\"og:type\" content=\"article\" \/>\n<meta property=\"og:title\" content=\"Kieferwinkelhaken, links, 22cm | Side Medizintechnik\" \/>\n<meta property=\"og:description\" content=\"Der Haken ist besonders f\u00fcr die Wundgebietsdarstellung im Kieferwinkelbereich geformt. Durch die Formgebung kann die Masseterschlinge sicher abgehalten werden, so dass hier leicht Knochenblockentnahmen oder auch die Entfernung tief retinierter Sapientes durchgef\u00fchrt werden k\u00f6nnen; Kieferwinkelfrakturen k\u00f6nnen \u00fcbersichtlich dargestellt werden und erweitern das Einsatzgebiet erheblich.\" \/>\n<meta property=\"og:url\" content=\"https:\/\/side-med.at\/en\/product\/produkt-4-186\/\" \/>\n<meta property=\"og:site_name\" content=\"Side Medizintechnik\" \/>\n<meta property=\"article:modified_time\" content=\"2025-02-28T11:47:27+00:00\" \/>\n<meta property=\"og:image\" content=\"https:\/\/side-med.at\/wp-content\/uploads\/2020\/11\/4024.08-2.jpg\" \/>\n\t<meta property=\"og:image:width\" content=\"479\" \/>\n\t<meta property=\"og:image:height\" content=\"124\" \/>\n\t<meta property=\"og:image:type\" content=\"image\/jpeg\" \/>\n<meta name=\"twitter:card\" content=\"summary_large_image\" \/>\n<script type=\"application\/ld+json\" class=\"yoast-schema-graph\">{\"@context\":\"https:\/\/schema.org\",\"@graph\":[{\"@type\":\"WebPage\",\"@id\":\"https:\/\/side-med.at\/en\/product\/produkt-4-186\/\",\"url\":\"https:\/\/side-med.at\/en\/product\/produkt-4-186\/\",\"name\":\"Kieferwinkelhaken, links, 22cm | Side Medizintechnik\",\"isPartOf\":{\"@id\":\"https:\/\/side-med.at\/en\/#website\"},\"primaryImageOfPage\":{\"@id\":\"https:\/\/side-med.at\/en\/product\/produkt-4-186\/#primaryimage\"},\"image\":{\"@id\":\"https:\/\/side-med.at\/en\/product\/produkt-4-186\/#primaryimage\"},\"thumbnailUrl\":\"https:\/\/side-med.at\/wp-content\/uploads\/2022\/02\/2cd3675663216183fe7d4c6cb159e468_4024.08-1.jpg\",\"datePublished\":\"2020-11-20T14:15:46+00:00\",\"dateModified\":\"2025-02-28T11:47:27+00:00\",\"breadcrumb\":{\"@id\":\"https:\/\/side-med.at\/en\/product\/produkt-4-186\/#breadcrumb\"},\"inLanguage\":\"en-US\",\"potentialAction\":[{\"@type\":\"ReadAction\",\"target\":[\"https:\/\/side-med.at\/en\/product\/produkt-4-186\/\"]}]},{\"@type\":\"ImageObject\",\"inLanguage\":\"en-US\",\"@id\":\"https:\/\/side-med.at\/en\/product\/produkt-4-186\/#primaryimage\",\"url\":\"https:\/\/side-med.at\/wp-content\/uploads\/2022\/02\/2cd3675663216183fe7d4c6cb159e468_4024.08-1.jpg\",\"contentUrl\":\"https:\/\/side-med.at\/wp-content\/uploads\/2022\/02\/2cd3675663216183fe7d4c6cb159e468_4024.08-1.jpg\",\"width\":479,\"height\":124},{\"@type\":\"BreadcrumbList\",\"@id\":\"https:\/\/side-med.at\/en\/product\/produkt-4-186\/#breadcrumb\",\"itemListElement\":[{\"@type\":\"ListItem\",\"position\":1,\"name\":\"Startseite\",\"item\":\"https:\/\/side-med.at\/en\/\"},{\"@type\":\"ListItem\",\"position\":2,\"name\":\"Products\",\"item\":\"https:\/\/side-med.at\/en\/shop\/\"},{\"@type\":\"ListItem\",\"position\":3,\"name\":\"Kieferwinkelhaken, links, 22cm\"}]},{\"@type\":\"WebSite\",\"@id\":\"https:\/\/side-med.at\/en\/#website\",\"url\":\"https:\/\/side-med.at\/en\/\",\"name\":\"Side Medizintechnik\",\"description\":\"Seite an Seite zur Perfektion\",\"publisher\":{\"@id\":\"https:\/\/side-med.at\/en\/#organization\"},\"potentialAction\":[{\"@type\":\"SearchAction\",\"target\":{\"@type\":\"EntryPoint\",\"urlTemplate\":\"https:\/\/side-med.at\/en\/?s={search_term_string}\"},\"query-input\":{\"@type\":\"PropertyValueSpecification\",\"valueRequired\":true,\"valueName\":\"search_term_string\"}}],\"inLanguage\":\"en-US\"},{\"@type\":\"Organization\",\"@id\":\"https:\/\/side-med.at\/en\/#organization\",\"name\":\"SIDE MEDIZINTECHNIK GMBH\",\"url\":\"https:\/\/side-med.at\/en\/\",\"logo\":{\"@type\":\"ImageObject\",\"inLanguage\":\"en-US\",\"@id\":\"https:\/\/side-med.at\/en\/#\/schema\/logo\/image\/\",\"url\":\"https:\/\/side-med.at\/wp-content\/uploads\/2020\/11\/sidemed-logo.png\",\"contentUrl\":\"https:\/\/side-med.at\/wp-content\/uploads\/2020\/11\/sidemed-logo.png\",\"width\":156,\"height\":140,\"caption\":\"SIDE MEDIZINTECHNIK GMBH\"},\"image\":{\"@id\":\"https:\/\/side-med.at\/en\/#\/schema\/logo\/image\/\"}}]}<\/script>\n<!-- \/ Yoast SEO plugin. -->","yoast_head_json":{"title":"Kieferwinkelhaken, links, 22cm | Side Medizintechnik","robots":{"index":"index","follow":"follow","max-snippet":"max-snippet:-1","max-image-preview":"max-image-preview:large","max-video-preview":"max-video-preview:-1"},"canonical":"https:\/\/side-med.at\/en\/product\/produkt-4-186\/","og_locale":"en_US","og_type":"article","og_title":"Kieferwinkelhaken, links, 22cm | Side Medizintechnik","og_description":"Der Haken ist besonders f\u00fcr die Wundgebietsdarstellung im Kieferwinkelbereich geformt. Durch die Formgebung kann die Masseterschlinge sicher abgehalten werden, so dass hier leicht Knochenblockentnahmen oder auch die Entfernung tief retinierter Sapientes durchgef\u00fchrt werden k\u00f6nnen; Kieferwinkelfrakturen k\u00f6nnen \u00fcbersichtlich dargestellt werden und erweitern das Einsatzgebiet erheblich.","og_url":"https:\/\/side-med.at\/en\/product\/produkt-4-186\/","og_site_name":"Side Medizintechnik","article_modified_time":"2025-02-28T11:47:27+00:00","og_image":[{"width":479,"height":124,"url":"https:\/\/side-med.at\/wp-content\/uploads\/2020\/11\/4024.08-2.jpg","type":"image\/jpeg"}],"twitter_card":"summary_large_image","schema":{"@context":"https:\/\/schema.org","@graph":[{"@type":"WebPage","@id":"https:\/\/side-med.at\/en\/product\/produkt-4-186\/","url":"https:\/\/side-med.at\/en\/product\/produkt-4-186\/","name":"Kieferwinkelhaken, links, 22cm | Side Medizintechnik","isPartOf":{"@id":"https:\/\/side-med.at\/en\/#website"},"primaryImageOfPage":{"@id":"https:\/\/side-med.at\/en\/product\/produkt-4-186\/#primaryimage"},"image":{"@id":"https:\/\/side-med.at\/en\/product\/produkt-4-186\/#primaryimage"},"thumbnailUrl":"https:\/\/side-med.at\/wp-content\/uploads\/2022\/02\/2cd3675663216183fe7d4c6cb159e468_4024.08-1.jpg","datePublished":"2020-11-20T14:15:46+00:00","dateModified":"2025-02-28T11:47:27+00:00","breadcrumb":{"@id":"https:\/\/side-med.at\/en\/product\/produkt-4-186\/#breadcrumb"},"inLanguage":"en-US","potentialAction":[{"@type":"ReadAction","target":["https:\/\/side-med.at\/en\/product\/produkt-4-186\/"]}]},{"@type":"ImageObject","inLanguage":"en-US","@id":"https:\/\/side-med.at\/en\/product\/produkt-4-186\/#primaryimage","url":"https:\/\/side-med.at\/wp-content\/uploads\/2022\/02\/2cd3675663216183fe7d4c6cb159e468_4024.08-1.jpg","contentUrl":"https:\/\/side-med.at\/wp-content\/uploads\/2022\/02\/2cd3675663216183fe7d4c6cb159e468_4024.08-1.jpg","width":479,"height":124},{"@type":"BreadcrumbList","@id":"https:\/\/side-med.at\/en\/product\/produkt-4-186\/#breadcrumb","itemListElement":[{"@type":"ListItem","position":1,"name":"Startseite","item":"https:\/\/side-med.at\/en\/"},{"@type":"ListItem","position":2,"name":"Products","item":"https:\/\/side-med.at\/en\/shop\/"},{"@type":"ListItem","position":3,"name":"Kieferwinkelhaken, links, 22cm"}]},{"@type":"WebSite","@id":"https:\/\/side-med.at\/en\/#website","url":"https:\/\/side-med.at\/en\/","name":"Side Medizintechnik","description":"Seite an Seite zur Perfektion","publisher":{"@id":"https:\/\/side-med.at\/en\/#organization"},"potentialAction":[{"@type":"SearchAction","target":{"@type":"EntryPoint","urlTemplate":"https:\/\/side-med.at\/en\/?s={search_term_string}"},"query-input":{"@type":"PropertyValueSpecification","valueRequired":true,"valueName":"search_term_string"}}],"inLanguage":"en-US"},{"@type":"Organization","@id":"https:\/\/side-med.at\/en\/#organization","name":"SIDE MEDIZINTECHNIK GMBH","url":"https:\/\/side-med.at\/en\/","logo":{"@type":"ImageObject","inLanguage":"en-US","@id":"https:\/\/side-med.at\/en\/#\/schema\/logo\/image\/","url":"https:\/\/side-med.at\/wp-content\/uploads\/2020\/11\/sidemed-logo.png","contentUrl":"https:\/\/side-med.at\/wp-content\/uploads\/2020\/11\/sidemed-logo.png","width":156,"height":140,"caption":"SIDE MEDIZINTECHNIK GMBH"},"image":{"@id":"https:\/\/side-med.at\/en\/#\/schema\/logo\/image\/"}}]}},"df_price":122.1,"df_sale_price":"","df_regular_price":122.1,"df_image_link":"https:\/\/side-med.at\/wp-content\/uploads\/2022\/02\/2cd3675663216183fe7d4c6cb159e468_4024.08-1-300x78.jpg","_links":{"self":[{"href":"https:\/\/side-med.at\/en\/wp-json\/wp\/v2\/product\/178977","targetHints":{"allow":["GET"]}}],"collection":[{"href":"https:\/\/side-med.at\/en\/wp-json\/wp\/v2\/product"}],"about":[{"href":"https:\/\/side-med.at\/en\/wp-json\/wp\/v2\/types\/product"}],"wp:featuredmedia":[{"embeddable":true,"href":"https:\/\/side-med.at\/en\/wp-json\/wp\/v2\/media\/352762"}],"wp:attachment":[{"href":"https:\/\/side-med.at\/en\/wp-json\/wp\/v2\/media?parent=178977"}],"wp:term":[{"taxonomy":"product_brand","embeddable":true,"href":"https:\/\/side-med.at\/en\/wp-json\/wp\/v2\/product_brand?post=178977"},{"taxonomy":"product_cat","embeddable":true,"href":"https:\/\/side-med.at\/en\/wp-json\/wp\/v2\/product_cat?post=178977"},{"taxonomy":"product_tag","embeddable":true,"href":"https:\/\/side-med.at\/en\/wp-json\/wp\/v2\/product_tag?post=178977"}],"curies":[{"name":"wp","href":"https:\/\/api.w.org\/{rel}","templated":true}]}}