{"id":178208,"date":"2020-11-20T14:38:42","date_gmt":"2020-11-20T13:38:42","guid":{"rendered":"https:\/\/side-med.waas.works\/produkt\/bone-fixation-starter-kit-13-16\/"},"modified":"2025-10-08T09:16:52","modified_gmt":"2025-10-08T07:16:52","slug":"bone-fixation-starter-kit-13-16","status":"publish","type":"product","link":"https:\/\/side-med.at\/en\/product\/bone-fixation-starter-kit-13-16\/","title":{"rendered":"Bone fixation starter kit 1,3-1,6, NEW screwdriver!"},"content":{"rendered":"<p>&#8220;Content of the kit:<br \/>\n p.i.c.\u00ae-tray<br \/>\n 2 blocks for screws<br \/>\n titanium bone screws \u00d8 1,3 mm,<br \/>\nlength 8, 10 and 12 mm (package of 3)<br \/>\n titanium bone screws \u00d8 1,6 mm,<br \/>\nlength 8, 10 and 12 mm (package of 3)<br \/>\n 1 block for drill and screwdriver tip<br \/>\nfor contra-angle piece<br \/>\n 2 drills (\u00d8 1,0 mm and \u00d8 1,3 mm)<br \/>\n 1 screwdriver, self-retaining&#8221;<\/p>\n","protected":false},"excerpt":{"rendered":"<p>&#8220;Content of the kit: p.i.c.\u00ae-tray 2 blocks for screws titanium bone screws \u00d8 1,3 mm, length 8, 10 and 12 mm (package of 3) titanium bone screws \u00d8 1,6 mm, length 8, 10 and 12 mm (package of 3) 1 block for drill and screwdriver tip for contra-angle piece 2 drills (\u00d8 1,0 mm and [&hellip;]<\/p>\n","protected":false},"featured_media":355655,"template":"","meta":[],"product_brand":[],"product_cat":[161],"product_tag":[],"class_list":{"0":"post-178208","1":"product","2":"type-product","3":"status-publish","4":"has-post-thumbnail","6":"product_cat-stoma-en","8":"first","9":"instock","10":"taxable","11":"shipping-taxable","12":"purchasable","13":"product-type-simple"},"yoast_head":"<!-- This site is optimized with the Yoast SEO plugin v27.1.1 - https:\/\/yoast.com\/product\/yoast-seo-wordpress\/ -->\n<title>Bone fixation starter kit 1,3-1,6, NEW screwdriver! | Side Medizintechnik<\/title>\n<meta name=\"robots\" content=\"index, follow, max-snippet:-1, max-image-preview:large, max-video-preview:-1\" \/>\n<link rel=\"canonical\" href=\"https:\/\/side-med.at\/en\/product\/bone-fixation-starter-kit-13-16\/\" \/>\n<meta property=\"og:locale\" content=\"en_US\" \/>\n<meta property=\"og:type\" content=\"article\" \/>\n<meta property=\"og:title\" content=\"Bone fixation starter kit 1,3-1,6, NEW screwdriver! | Side Medizintechnik\" \/>\n<meta property=\"og:description\" content=\"&#8220;Content of the kit: p.i.c.\u00ae-tray 2 blocks for screws titanium bone screws \u00d8 1,3 mm, length 8, 10 and 12 mm (package of 3) titanium bone screws \u00d8 1,6 mm, length 8, 10 and 12 mm (package of 3) 1 block for drill and screwdriver tip for contra-angle piece 2 drills (\u00d8 1,0 mm and [&hellip;]\" \/>\n<meta property=\"og:url\" content=\"https:\/\/side-med.at\/en\/product\/bone-fixation-starter-kit-13-16\/\" \/>\n<meta property=\"og:site_name\" content=\"Side Medizintechnik\" \/>\n<meta property=\"article:modified_time\" content=\"2025-10-08T07:16:52+00:00\" \/>\n<meta property=\"og:image\" content=\"https:\/\/side-med.at\/wp-content\/uploads\/2023\/11\/00a6b6563d9c65a65a5b560053c18d61_2303001-1.jpg\" \/>\n\t<meta property=\"og:image:width\" content=\"1361\" \/>\n\t<meta property=\"og:image:height\" content=\"1280\" \/>\n\t<meta property=\"og:image:type\" content=\"image\/jpeg\" \/>\n<meta name=\"twitter:card\" content=\"summary_large_image\" \/>\n<script type=\"application\/ld+json\" class=\"yoast-schema-graph\">{\"@context\":\"https:\/\/schema.org\",\"@graph\":[{\"@type\":\"WebPage\",\"@id\":\"https:\/\/side-med.at\/en\/product\/bone-fixation-starter-kit-13-16\/\",\"url\":\"https:\/\/side-med.at\/en\/product\/bone-fixation-starter-kit-13-16\/\",\"name\":\"Bone fixation starter kit 1,3-1,6, NEW screwdriver! | Side Medizintechnik\",\"isPartOf\":{\"@id\":\"https:\/\/side-med.at\/en\/#website\"},\"primaryImageOfPage\":{\"@id\":\"https:\/\/side-med.at\/en\/product\/bone-fixation-starter-kit-13-16\/#primaryimage\"},\"image\":{\"@id\":\"https:\/\/side-med.at\/en\/product\/bone-fixation-starter-kit-13-16\/#primaryimage\"},\"thumbnailUrl\":\"https:\/\/side-med.at\/wp-content\/uploads\/2023\/11\/00a6b6563d9c65a65a5b560053c18d61_2303001-1.jpg\",\"datePublished\":\"2020-11-20T13:38:42+00:00\",\"dateModified\":\"2025-10-08T07:16:52+00:00\",\"breadcrumb\":{\"@id\":\"https:\/\/side-med.at\/en\/product\/bone-fixation-starter-kit-13-16\/#breadcrumb\"},\"inLanguage\":\"en-US\",\"potentialAction\":[{\"@type\":\"ReadAction\",\"target\":[\"https:\/\/side-med.at\/en\/product\/bone-fixation-starter-kit-13-16\/\"]}]},{\"@type\":\"ImageObject\",\"inLanguage\":\"en-US\",\"@id\":\"https:\/\/side-med.at\/en\/product\/bone-fixation-starter-kit-13-16\/#primaryimage\",\"url\":\"https:\/\/side-med.at\/wp-content\/uploads\/2023\/11\/00a6b6563d9c65a65a5b560053c18d61_2303001-1.jpg\",\"contentUrl\":\"https:\/\/side-med.at\/wp-content\/uploads\/2023\/11\/00a6b6563d9c65a65a5b560053c18d61_2303001-1.jpg\",\"width\":1361,\"height\":1280},{\"@type\":\"BreadcrumbList\",\"@id\":\"https:\/\/side-med.at\/en\/product\/bone-fixation-starter-kit-13-16\/#breadcrumb\",\"itemListElement\":[{\"@type\":\"ListItem\",\"position\":1,\"name\":\"Startseite\",\"item\":\"https:\/\/side-med.at\/en\/\"},{\"@type\":\"ListItem\",\"position\":2,\"name\":\"Products\",\"item\":\"https:\/\/side-med.at\/en\/shop\/\"},{\"@type\":\"ListItem\",\"position\":3,\"name\":\"Bone fixation starter kit 1,3-1,6, NEW screwdriver!\"}]},{\"@type\":\"WebSite\",\"@id\":\"https:\/\/side-med.at\/en\/#website\",\"url\":\"https:\/\/side-med.at\/en\/\",\"name\":\"Side Medizintechnik\",\"description\":\"Seite an Seite zur Perfektion\",\"publisher\":{\"@id\":\"https:\/\/side-med.at\/en\/#organization\"},\"potentialAction\":[{\"@type\":\"SearchAction\",\"target\":{\"@type\":\"EntryPoint\",\"urlTemplate\":\"https:\/\/side-med.at\/en\/?s={search_term_string}\"},\"query-input\":{\"@type\":\"PropertyValueSpecification\",\"valueRequired\":true,\"valueName\":\"search_term_string\"}}],\"inLanguage\":\"en-US\"},{\"@type\":\"Organization\",\"@id\":\"https:\/\/side-med.at\/en\/#organization\",\"name\":\"SIDE MEDIZINTECHNIK GMBH\",\"url\":\"https:\/\/side-med.at\/en\/\",\"logo\":{\"@type\":\"ImageObject\",\"inLanguage\":\"en-US\",\"@id\":\"https:\/\/side-med.at\/en\/#\/schema\/logo\/image\/\",\"url\":\"https:\/\/side-med.at\/wp-content\/uploads\/2020\/11\/sidemed-logo.png\",\"contentUrl\":\"https:\/\/side-med.at\/wp-content\/uploads\/2020\/11\/sidemed-logo.png\",\"width\":156,\"height\":140,\"caption\":\"SIDE MEDIZINTECHNIK GMBH\"},\"image\":{\"@id\":\"https:\/\/side-med.at\/en\/#\/schema\/logo\/image\/\"}}]}<\/script>\n<!-- \/ Yoast SEO plugin. -->","yoast_head_json":{"title":"Bone fixation starter kit 1,3-1,6, NEW screwdriver! | Side Medizintechnik","robots":{"index":"index","follow":"follow","max-snippet":"max-snippet:-1","max-image-preview":"max-image-preview:large","max-video-preview":"max-video-preview:-1"},"canonical":"https:\/\/side-med.at\/en\/product\/bone-fixation-starter-kit-13-16\/","og_locale":"en_US","og_type":"article","og_title":"Bone fixation starter kit 1,3-1,6, NEW screwdriver! | Side Medizintechnik","og_description":"&#8220;Content of the kit: p.i.c.\u00ae-tray 2 blocks for screws titanium bone screws \u00d8 1,3 mm, length 8, 10 and 12 mm (package of 3) titanium bone screws \u00d8 1,6 mm, length 8, 10 and 12 mm (package of 3) 1 block for drill and screwdriver tip for contra-angle piece 2 drills (\u00d8 1,0 mm and [&hellip;]","og_url":"https:\/\/side-med.at\/en\/product\/bone-fixation-starter-kit-13-16\/","og_site_name":"Side Medizintechnik","article_modified_time":"2025-10-08T07:16:52+00:00","og_image":[{"width":1361,"height":1280,"url":"https:\/\/side-med.at\/wp-content\/uploads\/2023\/11\/00a6b6563d9c65a65a5b560053c18d61_2303001-1.jpg","type":"image\/jpeg"}],"twitter_card":"summary_large_image","schema":{"@context":"https:\/\/schema.org","@graph":[{"@type":"WebPage","@id":"https:\/\/side-med.at\/en\/product\/bone-fixation-starter-kit-13-16\/","url":"https:\/\/side-med.at\/en\/product\/bone-fixation-starter-kit-13-16\/","name":"Bone fixation starter kit 1,3-1,6, NEW screwdriver! | Side Medizintechnik","isPartOf":{"@id":"https:\/\/side-med.at\/en\/#website"},"primaryImageOfPage":{"@id":"https:\/\/side-med.at\/en\/product\/bone-fixation-starter-kit-13-16\/#primaryimage"},"image":{"@id":"https:\/\/side-med.at\/en\/product\/bone-fixation-starter-kit-13-16\/#primaryimage"},"thumbnailUrl":"https:\/\/side-med.at\/wp-content\/uploads\/2023\/11\/00a6b6563d9c65a65a5b560053c18d61_2303001-1.jpg","datePublished":"2020-11-20T13:38:42+00:00","dateModified":"2025-10-08T07:16:52+00:00","breadcrumb":{"@id":"https:\/\/side-med.at\/en\/product\/bone-fixation-starter-kit-13-16\/#breadcrumb"},"inLanguage":"en-US","potentialAction":[{"@type":"ReadAction","target":["https:\/\/side-med.at\/en\/product\/bone-fixation-starter-kit-13-16\/"]}]},{"@type":"ImageObject","inLanguage":"en-US","@id":"https:\/\/side-med.at\/en\/product\/bone-fixation-starter-kit-13-16\/#primaryimage","url":"https:\/\/side-med.at\/wp-content\/uploads\/2023\/11\/00a6b6563d9c65a65a5b560053c18d61_2303001-1.jpg","contentUrl":"https:\/\/side-med.at\/wp-content\/uploads\/2023\/11\/00a6b6563d9c65a65a5b560053c18d61_2303001-1.jpg","width":1361,"height":1280},{"@type":"BreadcrumbList","@id":"https:\/\/side-med.at\/en\/product\/bone-fixation-starter-kit-13-16\/#breadcrumb","itemListElement":[{"@type":"ListItem","position":1,"name":"Startseite","item":"https:\/\/side-med.at\/en\/"},{"@type":"ListItem","position":2,"name":"Products","item":"https:\/\/side-med.at\/en\/shop\/"},{"@type":"ListItem","position":3,"name":"Bone fixation starter kit 1,3-1,6, NEW screwdriver!"}]},{"@type":"WebSite","@id":"https:\/\/side-med.at\/en\/#website","url":"https:\/\/side-med.at\/en\/","name":"Side Medizintechnik","description":"Seite an Seite zur Perfektion","publisher":{"@id":"https:\/\/side-med.at\/en\/#organization"},"potentialAction":[{"@type":"SearchAction","target":{"@type":"EntryPoint","urlTemplate":"https:\/\/side-med.at\/en\/?s={search_term_string}"},"query-input":{"@type":"PropertyValueSpecification","valueRequired":true,"valueName":"search_term_string"}}],"inLanguage":"en-US"},{"@type":"Organization","@id":"https:\/\/side-med.at\/en\/#organization","name":"SIDE MEDIZINTECHNIK GMBH","url":"https:\/\/side-med.at\/en\/","logo":{"@type":"ImageObject","inLanguage":"en-US","@id":"https:\/\/side-med.at\/en\/#\/schema\/logo\/image\/","url":"https:\/\/side-med.at\/wp-content\/uploads\/2020\/11\/sidemed-logo.png","contentUrl":"https:\/\/side-med.at\/wp-content\/uploads\/2020\/11\/sidemed-logo.png","width":156,"height":140,"caption":"SIDE MEDIZINTECHNIK GMBH"},"image":{"@id":"https:\/\/side-med.at\/en\/#\/schema\/logo\/image\/"}}]}},"df_price":1295,"df_sale_price":"","df_regular_price":1295,"df_image_link":"https:\/\/side-med.at\/wp-content\/uploads\/2023\/11\/00a6b6563d9c65a65a5b560053c18d61_2303001-1-300x282.jpg","_links":{"self":[{"href":"https:\/\/side-med.at\/en\/wp-json\/wp\/v2\/product\/178208","targetHints":{"allow":["GET"]}}],"collection":[{"href":"https:\/\/side-med.at\/en\/wp-json\/wp\/v2\/product"}],"about":[{"href":"https:\/\/side-med.at\/en\/wp-json\/wp\/v2\/types\/product"}],"wp:featuredmedia":[{"embeddable":true,"href":"https:\/\/side-med.at\/en\/wp-json\/wp\/v2\/media\/355655"}],"wp:attachment":[{"href":"https:\/\/side-med.at\/en\/wp-json\/wp\/v2\/media?parent=178208"}],"wp:term":[{"taxonomy":"product_brand","embeddable":true,"href":"https:\/\/side-med.at\/en\/wp-json\/wp\/v2\/product_brand?post=178208"},{"taxonomy":"product_cat","embeddable":true,"href":"https:\/\/side-med.at\/en\/wp-json\/wp\/v2\/product_cat?post=178208"},{"taxonomy":"product_tag","embeddable":true,"href":"https:\/\/side-med.at\/en\/wp-json\/wp\/v2\/product_tag?post=178208"}],"curies":[{"name":"wp","href":"https:\/\/api.w.org\/{rel}","templated":true}]}}