{"id":177639,"date":"2020-11-20T14:26:31","date_gmt":"2020-11-20T13:58:05","guid":{"rendered":"https:\/\/side-med.waas.works\/produkt\/produkt-4\/"},"modified":"2025-02-28T13:01:34","modified_gmt":"2025-02-28T12:01:34","slug":"produkt-4-79","status":"publish","type":"product","link":"https:\/\/side-med.at\/en\/product\/produkt-4-79\/","title":{"rendered":"Augmentations Set, Memmingen, SP-Set, stoma, komplett mit p.i.c. Tray"},"content":{"rendered":"<p>16610.99 Osteo\/Augmentations-Set<br \/>\nbestehend aus:<br \/>\n13310.01 Osteotom, Memmingen, Fig. 1<br \/>\ngerade, \u00d8 a 2,2 mm \/ \u00d8 b 2,7 mm<br \/>\n13311.01 Osteotom, Memmingen, Fig. 1<br \/>\nbajonett-f\u00f6rmig, \u00d8 a 2,2 mm \/ \u00d8 b 2,7 mm<br \/>\n13310.02 Osteotom, Memmingen, Fig. 2<br \/>\ngerade, \u00d8 a 2,7 mm \/ \u00d8 b 3,2 mm<br \/>\n13311.02 Osteotom, Memmingen, Fig. 2<br \/>\nbajonett-f\u00f6rmig, \u00d8 a 2,7 mm \/ \u00d8 b 3,2 mm<br \/>\n13310.03 Osteotom, Memmingen, Fig. 3<br \/>\ngerade, \u00d8 a 3,2 mm \/ \u00d8 b 3,7 mm<br \/>\n13311.03 Osteotom, Memmingen, Fig. 3<br \/>\nbajonett-f\u00f6rmig, \u00d8 a 3,2 mm \/ \u00d8 b 3,7 mm<br \/>\n13310.04 Osteotom, Memmingen, Fig. 4<br \/>\ngerade, \u00d8 a 3,7 mm \/ \u00d8 b 4,2 mm<br \/>\n13311.04 Osteotom, Memmingen, Fig. 4<br \/>\nbajonett-f\u00f6rmig, \u00d8 a 3,7 mm \/ \u00d8 b 4,2 mm<br \/>\n13310.05 Osteotom, Memmingen, Fig. 5<br \/>\ngerade, \u00d8 a 4,2 mm \/ \u00d8 b 4,7 mm<br \/>\n13311.05 Osteotom, Memmingen, Fig. 5<br \/>\nbajonett-f\u00f6rmig, \u00d8 a 4,2 mm \/ \u00d8 b 4,7 mm<br \/>\n13310.06 Osteotom, Memmingen, Fig. 6<br \/>\ngerade, \u00d8 a 4,7 mm \/ \u00d8 b 5,4 mm<br \/>\n13311.06 Osteotom, Memmingen, Fig. 6<br \/>\nbajonett-f\u00f6rmig, \u00d8 a 4,7 mm \/ \u00d8 b 5,4 mm<br \/>\n13371.40 Dilatator ohne Graduierung,<br \/>\noval, 13mm\/3,8mm<br \/>\n13373.40 Dilatator mit Graduierung,<br \/>\nkegelf\u00f6rmig, 4mm, 9-11mm, \u00d84mm<br \/>\n3318.17 Hammer Vickers 210g mit<br \/>\nauswechselbaren Backen<br \/>\n6556.00 p.i.c.\u00ae-tray mit Deckel, Stege und Bolzen,<br \/>\nGr\u00f6\u00dfe: 271 x 175 x 34 mm,<br \/>\npassend f\u00fcr die Instrumente des Sets<\/p>\n","protected":false},"excerpt":{"rendered":"<p>16610.99 Osteo\/Augmentations-Set bestehend aus: 13310.01 Osteotom, Memmingen, Fig. 1 gerade, \u00d8 a 2,2 mm \/ \u00d8 b 2,7 mm 13311.01 Osteotom, Memmingen, Fig. 1 bajonett-f\u00f6rmig, \u00d8 a 2,2 mm \/ \u00d8 b 2,7 mm 13310.02 Osteotom, Memmingen, Fig. 2 gerade, \u00d8 a 2,7 mm \/ \u00d8 b 3,2 mm 13311.02 Osteotom, Memmingen, Fig. 2 bajonett-f\u00f6rmig, [&hellip;]<\/p>\n","protected":false},"featured_media":357224,"template":"","meta":[],"product_brand":[],"product_cat":[161],"product_tag":[],"class_list":{"0":"post-177639","1":"product","2":"type-product","3":"status-publish","4":"has-post-thumbnail","6":"product_cat-stoma-en","8":"first","9":"instock","10":"taxable","11":"shipping-taxable","12":"purchasable","13":"product-type-simple"},"yoast_head":"<!-- This site is optimized with the Yoast SEO plugin v27.1.1 - https:\/\/yoast.com\/product\/yoast-seo-wordpress\/ -->\n<title>Augmentations Set, Memmingen, SP-Set, stoma, komplett mit p.i.c. Tray | Side Medizintechnik<\/title>\n<meta name=\"robots\" content=\"index, follow, max-snippet:-1, max-image-preview:large, max-video-preview:-1\" \/>\n<link rel=\"canonical\" href=\"https:\/\/side-med.at\/en\/product\/produkt-4-79\/\" \/>\n<meta property=\"og:locale\" content=\"en_US\" \/>\n<meta property=\"og:type\" content=\"article\" \/>\n<meta property=\"og:title\" content=\"Augmentations Set, Memmingen, SP-Set, stoma, komplett mit p.i.c. Tray | Side Medizintechnik\" \/>\n<meta property=\"og:description\" content=\"16610.99 Osteo\/Augmentations-Set bestehend aus: 13310.01 Osteotom, Memmingen, Fig. 1 gerade, \u00d8 a 2,2 mm \/ \u00d8 b 2,7 mm 13311.01 Osteotom, Memmingen, Fig. 1 bajonett-f\u00f6rmig, \u00d8 a 2,2 mm \/ \u00d8 b 2,7 mm 13310.02 Osteotom, Memmingen, Fig. 2 gerade, \u00d8 a 2,7 mm \/ \u00d8 b 3,2 mm 13311.02 Osteotom, Memmingen, Fig. 2 bajonett-f\u00f6rmig, [&hellip;]\" \/>\n<meta property=\"og:url\" content=\"https:\/\/side-med.at\/en\/product\/produkt-4-79\/\" \/>\n<meta property=\"og:site_name\" content=\"Side Medizintechnik\" \/>\n<meta property=\"article:modified_time\" content=\"2025-02-28T12:01:34+00:00\" \/>\n<meta property=\"og:image\" content=\"https:\/\/side-med.at\/wp-content\/uploads\/2020\/11\/6610.99_Aug_Set-3.jpg\" \/>\n\t<meta property=\"og:image:width\" content=\"1296\" \/>\n\t<meta property=\"og:image:height\" content=\"960\" \/>\n\t<meta property=\"og:image:type\" content=\"image\/jpeg\" \/>\n<meta name=\"twitter:card\" content=\"summary_large_image\" \/>\n<meta name=\"twitter:label1\" content=\"Est. reading time\" \/>\n\t<meta name=\"twitter:data1\" content=\"1 minute\" \/>\n<script type=\"application\/ld+json\" class=\"yoast-schema-graph\">{\"@context\":\"https:\/\/schema.org\",\"@graph\":[{\"@type\":\"WebPage\",\"@id\":\"https:\/\/side-med.at\/en\/product\/produkt-4-79\/\",\"url\":\"https:\/\/side-med.at\/en\/product\/produkt-4-79\/\",\"name\":\"Augmentations Set, Memmingen, SP-Set, stoma, komplett mit p.i.c. Tray | Side Medizintechnik\",\"isPartOf\":{\"@id\":\"https:\/\/side-med.at\/en\/#website\"},\"primaryImageOfPage\":{\"@id\":\"https:\/\/side-med.at\/en\/product\/produkt-4-79\/#primaryimage\"},\"image\":{\"@id\":\"https:\/\/side-med.at\/en\/product\/produkt-4-79\/#primaryimage\"},\"thumbnailUrl\":\"https:\/\/side-med.at\/wp-content\/uploads\/2025\/02\/597b044473ea197bf22a64fde97ca32b_6610.99_aug_set-1.jpg\",\"datePublished\":\"2020-11-20T13:58:05+00:00\",\"dateModified\":\"2025-02-28T12:01:34+00:00\",\"breadcrumb\":{\"@id\":\"https:\/\/side-med.at\/en\/product\/produkt-4-79\/#breadcrumb\"},\"inLanguage\":\"en-US\",\"potentialAction\":[{\"@type\":\"ReadAction\",\"target\":[\"https:\/\/side-med.at\/en\/product\/produkt-4-79\/\"]}]},{\"@type\":\"ImageObject\",\"inLanguage\":\"en-US\",\"@id\":\"https:\/\/side-med.at\/en\/product\/produkt-4-79\/#primaryimage\",\"url\":\"https:\/\/side-med.at\/wp-content\/uploads\/2025\/02\/597b044473ea197bf22a64fde97ca32b_6610.99_aug_set-1.jpg\",\"contentUrl\":\"https:\/\/side-med.at\/wp-content\/uploads\/2025\/02\/597b044473ea197bf22a64fde97ca32b_6610.99_aug_set-1.jpg\",\"width\":1296,\"height\":960},{\"@type\":\"BreadcrumbList\",\"@id\":\"https:\/\/side-med.at\/en\/product\/produkt-4-79\/#breadcrumb\",\"itemListElement\":[{\"@type\":\"ListItem\",\"position\":1,\"name\":\"Startseite\",\"item\":\"https:\/\/side-med.at\/en\/\"},{\"@type\":\"ListItem\",\"position\":2,\"name\":\"Products\",\"item\":\"https:\/\/side-med.at\/en\/shop\/\"},{\"@type\":\"ListItem\",\"position\":3,\"name\":\"Augmentations Set, Memmingen, SP-Set, stoma, komplett mit p.i.c. Tray\"}]},{\"@type\":\"WebSite\",\"@id\":\"https:\/\/side-med.at\/en\/#website\",\"url\":\"https:\/\/side-med.at\/en\/\",\"name\":\"Side Medizintechnik\",\"description\":\"Seite an Seite zur Perfektion\",\"publisher\":{\"@id\":\"https:\/\/side-med.at\/en\/#organization\"},\"potentialAction\":[{\"@type\":\"SearchAction\",\"target\":{\"@type\":\"EntryPoint\",\"urlTemplate\":\"https:\/\/side-med.at\/en\/?s={search_term_string}\"},\"query-input\":{\"@type\":\"PropertyValueSpecification\",\"valueRequired\":true,\"valueName\":\"search_term_string\"}}],\"inLanguage\":\"en-US\"},{\"@type\":\"Organization\",\"@id\":\"https:\/\/side-med.at\/en\/#organization\",\"name\":\"SIDE MEDIZINTECHNIK GMBH\",\"url\":\"https:\/\/side-med.at\/en\/\",\"logo\":{\"@type\":\"ImageObject\",\"inLanguage\":\"en-US\",\"@id\":\"https:\/\/side-med.at\/en\/#\/schema\/logo\/image\/\",\"url\":\"https:\/\/side-med.at\/wp-content\/uploads\/2020\/11\/sidemed-logo.png\",\"contentUrl\":\"https:\/\/side-med.at\/wp-content\/uploads\/2020\/11\/sidemed-logo.png\",\"width\":156,\"height\":140,\"caption\":\"SIDE MEDIZINTECHNIK GMBH\"},\"image\":{\"@id\":\"https:\/\/side-med.at\/en\/#\/schema\/logo\/image\/\"}}]}<\/script>\n<!-- \/ Yoast SEO plugin. -->","yoast_head_json":{"title":"Augmentations Set, Memmingen, SP-Set, stoma, komplett mit p.i.c. Tray | Side Medizintechnik","robots":{"index":"index","follow":"follow","max-snippet":"max-snippet:-1","max-image-preview":"max-image-preview:large","max-video-preview":"max-video-preview:-1"},"canonical":"https:\/\/side-med.at\/en\/product\/produkt-4-79\/","og_locale":"en_US","og_type":"article","og_title":"Augmentations Set, Memmingen, SP-Set, stoma, komplett mit p.i.c. Tray | Side Medizintechnik","og_description":"16610.99 Osteo\/Augmentations-Set bestehend aus: 13310.01 Osteotom, Memmingen, Fig. 1 gerade, \u00d8 a 2,2 mm \/ \u00d8 b 2,7 mm 13311.01 Osteotom, Memmingen, Fig. 1 bajonett-f\u00f6rmig, \u00d8 a 2,2 mm \/ \u00d8 b 2,7 mm 13310.02 Osteotom, Memmingen, Fig. 2 gerade, \u00d8 a 2,7 mm \/ \u00d8 b 3,2 mm 13311.02 Osteotom, Memmingen, Fig. 2 bajonett-f\u00f6rmig, [&hellip;]","og_url":"https:\/\/side-med.at\/en\/product\/produkt-4-79\/","og_site_name":"Side Medizintechnik","article_modified_time":"2025-02-28T12:01:34+00:00","og_image":[{"width":1296,"height":960,"url":"https:\/\/side-med.at\/wp-content\/uploads\/2020\/11\/6610.99_Aug_Set-3.jpg","type":"image\/jpeg"}],"twitter_card":"summary_large_image","twitter_misc":{"Est. reading time":"1 minute"},"schema":{"@context":"https:\/\/schema.org","@graph":[{"@type":"WebPage","@id":"https:\/\/side-med.at\/en\/product\/produkt-4-79\/","url":"https:\/\/side-med.at\/en\/product\/produkt-4-79\/","name":"Augmentations Set, Memmingen, SP-Set, stoma, komplett mit p.i.c. Tray | Side Medizintechnik","isPartOf":{"@id":"https:\/\/side-med.at\/en\/#website"},"primaryImageOfPage":{"@id":"https:\/\/side-med.at\/en\/product\/produkt-4-79\/#primaryimage"},"image":{"@id":"https:\/\/side-med.at\/en\/product\/produkt-4-79\/#primaryimage"},"thumbnailUrl":"https:\/\/side-med.at\/wp-content\/uploads\/2025\/02\/597b044473ea197bf22a64fde97ca32b_6610.99_aug_set-1.jpg","datePublished":"2020-11-20T13:58:05+00:00","dateModified":"2025-02-28T12:01:34+00:00","breadcrumb":{"@id":"https:\/\/side-med.at\/en\/product\/produkt-4-79\/#breadcrumb"},"inLanguage":"en-US","potentialAction":[{"@type":"ReadAction","target":["https:\/\/side-med.at\/en\/product\/produkt-4-79\/"]}]},{"@type":"ImageObject","inLanguage":"en-US","@id":"https:\/\/side-med.at\/en\/product\/produkt-4-79\/#primaryimage","url":"https:\/\/side-med.at\/wp-content\/uploads\/2025\/02\/597b044473ea197bf22a64fde97ca32b_6610.99_aug_set-1.jpg","contentUrl":"https:\/\/side-med.at\/wp-content\/uploads\/2025\/02\/597b044473ea197bf22a64fde97ca32b_6610.99_aug_set-1.jpg","width":1296,"height":960},{"@type":"BreadcrumbList","@id":"https:\/\/side-med.at\/en\/product\/produkt-4-79\/#breadcrumb","itemListElement":[{"@type":"ListItem","position":1,"name":"Startseite","item":"https:\/\/side-med.at\/en\/"},{"@type":"ListItem","position":2,"name":"Products","item":"https:\/\/side-med.at\/en\/shop\/"},{"@type":"ListItem","position":3,"name":"Augmentations Set, Memmingen, SP-Set, stoma, komplett mit p.i.c. Tray"}]},{"@type":"WebSite","@id":"https:\/\/side-med.at\/en\/#website","url":"https:\/\/side-med.at\/en\/","name":"Side Medizintechnik","description":"Seite an Seite zur Perfektion","publisher":{"@id":"https:\/\/side-med.at\/en\/#organization"},"potentialAction":[{"@type":"SearchAction","target":{"@type":"EntryPoint","urlTemplate":"https:\/\/side-med.at\/en\/?s={search_term_string}"},"query-input":{"@type":"PropertyValueSpecification","valueRequired":true,"valueName":"search_term_string"}}],"inLanguage":"en-US"},{"@type":"Organization","@id":"https:\/\/side-med.at\/en\/#organization","name":"SIDE MEDIZINTECHNIK GMBH","url":"https:\/\/side-med.at\/en\/","logo":{"@type":"ImageObject","inLanguage":"en-US","@id":"https:\/\/side-med.at\/en\/#\/schema\/logo\/image\/","url":"https:\/\/side-med.at\/wp-content\/uploads\/2020\/11\/sidemed-logo.png","contentUrl":"https:\/\/side-med.at\/wp-content\/uploads\/2020\/11\/sidemed-logo.png","width":156,"height":140,"caption":"SIDE MEDIZINTECHNIK GMBH"},"image":{"@id":"https:\/\/side-med.at\/en\/#\/schema\/logo\/image\/"}}]}},"df_price":1563.8,"df_sale_price":"","df_regular_price":1563.8,"df_image_link":"https:\/\/side-med.at\/wp-content\/uploads\/2025\/02\/597b044473ea197bf22a64fde97ca32b_6610.99_aug_set-1-300x222.jpg","_links":{"self":[{"href":"https:\/\/side-med.at\/en\/wp-json\/wp\/v2\/product\/177639","targetHints":{"allow":["GET"]}}],"collection":[{"href":"https:\/\/side-med.at\/en\/wp-json\/wp\/v2\/product"}],"about":[{"href":"https:\/\/side-med.at\/en\/wp-json\/wp\/v2\/types\/product"}],"wp:featuredmedia":[{"embeddable":true,"href":"https:\/\/side-med.at\/en\/wp-json\/wp\/v2\/media\/357224"}],"wp:attachment":[{"href":"https:\/\/side-med.at\/en\/wp-json\/wp\/v2\/media?parent=177639"}],"wp:term":[{"taxonomy":"product_brand","embeddable":true,"href":"https:\/\/side-med.at\/en\/wp-json\/wp\/v2\/product_brand?post=177639"},{"taxonomy":"product_cat","embeddable":true,"href":"https:\/\/side-med.at\/en\/wp-json\/wp\/v2\/product_cat?post=177639"},{"taxonomy":"product_tag","embeddable":true,"href":"https:\/\/side-med.at\/en\/wp-json\/wp\/v2\/product_tag?post=177639"}],"curies":[{"name":"wp","href":"https:\/\/api.w.org\/{rel}","templated":true}]}}