{"id":177397,"date":"2020-11-20T14:55:02","date_gmt":"2020-11-20T13:55:02","guid":{"rendered":"https:\/\/side-med.waas.works\/produkt\/produkt-4\/"},"modified":"2020-12-10T19:15:16","modified_gmt":"2020-12-10T18:15:16","slug":"produkt-4-47","status":"publish","type":"product","link":"https:\/\/side-med.at\/en\/product\/produkt-4-47\/","title":{"rendered":"Trepanm\u00fchlen-Set 1: \u00d8 3,2mm + \u00d8 4,2 mm (K-System Kit 1)"},"content":{"rendered":"<p>Trepanm\u00fchlen-Set Nr. 1<br \/>\nbestehend aus<br \/>\n22352.34 a = 3,2 mm<br \/>\n22352.44 a = 4,2 mm<br \/>\nSchl\u00fcssel und Tray f\u00fcr \u00d8 3,2 mm und \u00d8 4,2 mm<\/p>\n<p>Entnahme: Nach Vorbereitung der Entnahmestelle wird die Trepanm\u00fchle<br \/>\nunter K\u00fchlung und bei 500 rpm (Umdrehungen pro Minute)<br \/>\nangesetzt, der Knochen entnommen und gleichzeitig zermahlen.<br \/>\nRe-Implantation: Der zermahlene Knochen<br \/>\nbefindet sich in dem Bohrzylinder. Montieren Sie<br \/>\nden mit Knochen gef\u00fcllten Bohrzylinder auf die<br \/>\nApplikationsspritze und drehen Sie diesen bis der<br \/>\nBajonettverschluss einrastet. Applizieren Sie das Knochenmaterial<br \/>\nmit der Applikationsspritze an gew\u00fcnschter Stelle.<\/p>\n","protected":false},"excerpt":{"rendered":"<p>Trepanm\u00fchlen-Set Nr. 1 bestehend aus 22352.34 a = 3,2 mm 22352.44 a = 4,2 mm Schl\u00fcssel und Tray f\u00fcr \u00d8 3,2 mm und \u00d8 4,2 mm Entnahme: Nach Vorbereitung der Entnahmestelle wird die Trepanm\u00fchle unter K\u00fchlung und bei 500 rpm (Umdrehungen pro Minute) angesetzt, der Knochen entnommen und gleichzeitig zermahlen. Re-Implantation: Der zermahlene Knochen befindet [&hellip;]<\/p>\n","protected":false},"featured_media":172397,"template":"","meta":[],"product_brand":[],"product_cat":[145,161],"product_tag":[],"class_list":{"0":"post-177397","1":"product","2":"type-product","3":"status-publish","4":"has-post-thumbnail","6":"product_cat-stoma","7":"product_cat-stoma-en","9":"first","10":"instock","11":"taxable","12":"shipping-taxable","13":"purchasable","14":"product-type-simple"},"yoast_head":"<!-- This site is optimized with the Yoast SEO plugin v27.1.1 - https:\/\/yoast.com\/product\/yoast-seo-wordpress\/ -->\n<title>Trepanm\u00fchlen-Set 1: \u00d8 3,2mm + \u00d8 4,2 mm (K-System Kit 1) | Side Medizintechnik<\/title>\n<meta name=\"robots\" content=\"index, follow, max-snippet:-1, max-image-preview:large, max-video-preview:-1\" \/>\n<link rel=\"canonical\" href=\"https:\/\/side-med.at\/en\/product\/produkt-4-47\/\" \/>\n<meta property=\"og:locale\" content=\"en_US\" \/>\n<meta property=\"og:type\" content=\"article\" \/>\n<meta property=\"og:title\" content=\"Trepanm\u00fchlen-Set 1: \u00d8 3,2mm + \u00d8 4,2 mm (K-System Kit 1) | Side Medizintechnik\" \/>\n<meta property=\"og:description\" content=\"Trepanm\u00fchlen-Set Nr. 1 bestehend aus 22352.34 a = 3,2 mm 22352.44 a = 4,2 mm Schl\u00fcssel und Tray f\u00fcr \u00d8 3,2 mm und \u00d8 4,2 mm Entnahme: Nach Vorbereitung der Entnahmestelle wird die Trepanm\u00fchle unter K\u00fchlung und bei 500 rpm (Umdrehungen pro Minute) angesetzt, der Knochen entnommen und gleichzeitig zermahlen. Re-Implantation: Der zermahlene Knochen befindet [&hellip;]\" \/>\n<meta property=\"og:url\" content=\"https:\/\/side-med.at\/en\/product\/produkt-4-47\/\" \/>\n<meta property=\"og:site_name\" content=\"Side Medizintechnik\" \/>\n<meta property=\"article:modified_time\" content=\"2020-12-10T18:15:16+00:00\" \/>\n<meta property=\"og:image\" content=\"https:\/\/side-med.at\/wp-content\/uploads\/2020\/11\/22352.00-2.jpg\" \/>\n\t<meta property=\"og:image:width\" content=\"259\" \/>\n\t<meta property=\"og:image:height\" content=\"215\" \/>\n\t<meta property=\"og:image:type\" content=\"image\/jpeg\" \/>\n<meta name=\"twitter:card\" content=\"summary_large_image\" \/>\n<script type=\"application\/ld+json\" class=\"yoast-schema-graph\">{\"@context\":\"https:\/\/schema.org\",\"@graph\":[{\"@type\":\"WebPage\",\"@id\":\"https:\/\/side-med.at\/en\/product\/produkt-4-47\/\",\"url\":\"https:\/\/side-med.at\/en\/product\/produkt-4-47\/\",\"name\":\"Trepanm\u00fchlen-Set 1: \u00d8 3,2mm + \u00d8 4,2 mm (K-System Kit 1) | Side Medizintechnik\",\"isPartOf\":{\"@id\":\"https:\/\/side-med.at\/en\/#website\"},\"primaryImageOfPage\":{\"@id\":\"https:\/\/side-med.at\/en\/product\/produkt-4-47\/#primaryimage\"},\"image\":{\"@id\":\"https:\/\/side-med.at\/en\/product\/produkt-4-47\/#primaryimage\"},\"thumbnailUrl\":\"https:\/\/side-med.at\/wp-content\/uploads\/2020\/11\/22352.00-2.jpg\",\"datePublished\":\"2020-11-20T13:55:02+00:00\",\"dateModified\":\"2020-12-10T18:15:16+00:00\",\"breadcrumb\":{\"@id\":\"https:\/\/side-med.at\/en\/product\/produkt-4-47\/#breadcrumb\"},\"inLanguage\":\"en-US\",\"potentialAction\":[{\"@type\":\"ReadAction\",\"target\":[\"https:\/\/side-med.at\/en\/product\/produkt-4-47\/\"]}]},{\"@type\":\"ImageObject\",\"inLanguage\":\"en-US\",\"@id\":\"https:\/\/side-med.at\/en\/product\/produkt-4-47\/#primaryimage\",\"url\":\"https:\/\/side-med.at\/wp-content\/uploads\/2020\/11\/22352.00-2.jpg\",\"contentUrl\":\"https:\/\/side-med.at\/wp-content\/uploads\/2020\/11\/22352.00-2.jpg\",\"width\":259,\"height\":215},{\"@type\":\"BreadcrumbList\",\"@id\":\"https:\/\/side-med.at\/en\/product\/produkt-4-47\/#breadcrumb\",\"itemListElement\":[{\"@type\":\"ListItem\",\"position\":1,\"name\":\"Startseite\",\"item\":\"https:\/\/side-med.at\/en\/\"},{\"@type\":\"ListItem\",\"position\":2,\"name\":\"Products\",\"item\":\"https:\/\/side-med.at\/en\/shop\/\"},{\"@type\":\"ListItem\",\"position\":3,\"name\":\"Trepanm\u00fchlen-Set 1: \u00d8 3,2mm + \u00d8 4,2 mm (K-System Kit 1)\"}]},{\"@type\":\"WebSite\",\"@id\":\"https:\/\/side-med.at\/en\/#website\",\"url\":\"https:\/\/side-med.at\/en\/\",\"name\":\"Side Medizintechnik\",\"description\":\"Seite an Seite zur Perfektion\",\"publisher\":{\"@id\":\"https:\/\/side-med.at\/en\/#organization\"},\"potentialAction\":[{\"@type\":\"SearchAction\",\"target\":{\"@type\":\"EntryPoint\",\"urlTemplate\":\"https:\/\/side-med.at\/en\/?s={search_term_string}\"},\"query-input\":{\"@type\":\"PropertyValueSpecification\",\"valueRequired\":true,\"valueName\":\"search_term_string\"}}],\"inLanguage\":\"en-US\"},{\"@type\":\"Organization\",\"@id\":\"https:\/\/side-med.at\/en\/#organization\",\"name\":\"SIDE MEDIZINTECHNIK GMBH\",\"url\":\"https:\/\/side-med.at\/en\/\",\"logo\":{\"@type\":\"ImageObject\",\"inLanguage\":\"en-US\",\"@id\":\"https:\/\/side-med.at\/en\/#\/schema\/logo\/image\/\",\"url\":\"https:\/\/side-med.at\/wp-content\/uploads\/2020\/11\/sidemed-logo.png\",\"contentUrl\":\"https:\/\/side-med.at\/wp-content\/uploads\/2020\/11\/sidemed-logo.png\",\"width\":156,\"height\":140,\"caption\":\"SIDE MEDIZINTECHNIK GMBH\"},\"image\":{\"@id\":\"https:\/\/side-med.at\/en\/#\/schema\/logo\/image\/\"}}]}<\/script>\n<!-- \/ Yoast SEO plugin. -->","yoast_head_json":{"title":"Trepanm\u00fchlen-Set 1: \u00d8 3,2mm + \u00d8 4,2 mm (K-System Kit 1) | Side Medizintechnik","robots":{"index":"index","follow":"follow","max-snippet":"max-snippet:-1","max-image-preview":"max-image-preview:large","max-video-preview":"max-video-preview:-1"},"canonical":"https:\/\/side-med.at\/en\/product\/produkt-4-47\/","og_locale":"en_US","og_type":"article","og_title":"Trepanm\u00fchlen-Set 1: \u00d8 3,2mm + \u00d8 4,2 mm (K-System Kit 1) | Side Medizintechnik","og_description":"Trepanm\u00fchlen-Set Nr. 1 bestehend aus 22352.34 a = 3,2 mm 22352.44 a = 4,2 mm Schl\u00fcssel und Tray f\u00fcr \u00d8 3,2 mm und \u00d8 4,2 mm Entnahme: Nach Vorbereitung der Entnahmestelle wird die Trepanm\u00fchle unter K\u00fchlung und bei 500 rpm (Umdrehungen pro Minute) angesetzt, der Knochen entnommen und gleichzeitig zermahlen. Re-Implantation: Der zermahlene Knochen befindet [&hellip;]","og_url":"https:\/\/side-med.at\/en\/product\/produkt-4-47\/","og_site_name":"Side Medizintechnik","article_modified_time":"2020-12-10T18:15:16+00:00","og_image":[{"width":259,"height":215,"url":"https:\/\/side-med.at\/wp-content\/uploads\/2020\/11\/22352.00-2.jpg","type":"image\/jpeg"}],"twitter_card":"summary_large_image","schema":{"@context":"https:\/\/schema.org","@graph":[{"@type":"WebPage","@id":"https:\/\/side-med.at\/en\/product\/produkt-4-47\/","url":"https:\/\/side-med.at\/en\/product\/produkt-4-47\/","name":"Trepanm\u00fchlen-Set 1: \u00d8 3,2mm + \u00d8 4,2 mm (K-System Kit 1) | Side Medizintechnik","isPartOf":{"@id":"https:\/\/side-med.at\/en\/#website"},"primaryImageOfPage":{"@id":"https:\/\/side-med.at\/en\/product\/produkt-4-47\/#primaryimage"},"image":{"@id":"https:\/\/side-med.at\/en\/product\/produkt-4-47\/#primaryimage"},"thumbnailUrl":"https:\/\/side-med.at\/wp-content\/uploads\/2020\/11\/22352.00-2.jpg","datePublished":"2020-11-20T13:55:02+00:00","dateModified":"2020-12-10T18:15:16+00:00","breadcrumb":{"@id":"https:\/\/side-med.at\/en\/product\/produkt-4-47\/#breadcrumb"},"inLanguage":"en-US","potentialAction":[{"@type":"ReadAction","target":["https:\/\/side-med.at\/en\/product\/produkt-4-47\/"]}]},{"@type":"ImageObject","inLanguage":"en-US","@id":"https:\/\/side-med.at\/en\/product\/produkt-4-47\/#primaryimage","url":"https:\/\/side-med.at\/wp-content\/uploads\/2020\/11\/22352.00-2.jpg","contentUrl":"https:\/\/side-med.at\/wp-content\/uploads\/2020\/11\/22352.00-2.jpg","width":259,"height":215},{"@type":"BreadcrumbList","@id":"https:\/\/side-med.at\/en\/product\/produkt-4-47\/#breadcrumb","itemListElement":[{"@type":"ListItem","position":1,"name":"Startseite","item":"https:\/\/side-med.at\/en\/"},{"@type":"ListItem","position":2,"name":"Products","item":"https:\/\/side-med.at\/en\/shop\/"},{"@type":"ListItem","position":3,"name":"Trepanm\u00fchlen-Set 1: \u00d8 3,2mm + \u00d8 4,2 mm (K-System Kit 1)"}]},{"@type":"WebSite","@id":"https:\/\/side-med.at\/en\/#website","url":"https:\/\/side-med.at\/en\/","name":"Side Medizintechnik","description":"Seite an Seite zur Perfektion","publisher":{"@id":"https:\/\/side-med.at\/en\/#organization"},"potentialAction":[{"@type":"SearchAction","target":{"@type":"EntryPoint","urlTemplate":"https:\/\/side-med.at\/en\/?s={search_term_string}"},"query-input":{"@type":"PropertyValueSpecification","valueRequired":true,"valueName":"search_term_string"}}],"inLanguage":"en-US"},{"@type":"Organization","@id":"https:\/\/side-med.at\/en\/#organization","name":"SIDE MEDIZINTECHNIK GMBH","url":"https:\/\/side-med.at\/en\/","logo":{"@type":"ImageObject","inLanguage":"en-US","@id":"https:\/\/side-med.at\/en\/#\/schema\/logo\/image\/","url":"https:\/\/side-med.at\/wp-content\/uploads\/2020\/11\/sidemed-logo.png","contentUrl":"https:\/\/side-med.at\/wp-content\/uploads\/2020\/11\/sidemed-logo.png","width":156,"height":140,"caption":"SIDE MEDIZINTECHNIK GMBH"},"image":{"@id":"https:\/\/side-med.at\/en\/#\/schema\/logo\/image\/"}}]}},"df_price":1010.5,"df_sale_price":"","df_regular_price":1010.5,"df_image_link":"https:\/\/side-med.at\/wp-content\/uploads\/2020\/11\/22352.00-2.jpg","_links":{"self":[{"href":"https:\/\/side-med.at\/en\/wp-json\/wp\/v2\/product\/177397","targetHints":{"allow":["GET"]}}],"collection":[{"href":"https:\/\/side-med.at\/en\/wp-json\/wp\/v2\/product"}],"about":[{"href":"https:\/\/side-med.at\/en\/wp-json\/wp\/v2\/types\/product"}],"wp:featuredmedia":[{"embeddable":true,"href":"https:\/\/side-med.at\/en\/wp-json\/wp\/v2\/media\/172397"}],"wp:attachment":[{"href":"https:\/\/side-med.at\/en\/wp-json\/wp\/v2\/media?parent=177397"}],"wp:term":[{"taxonomy":"product_brand","embeddable":true,"href":"https:\/\/side-med.at\/en\/wp-json\/wp\/v2\/product_brand?post=177397"},{"taxonomy":"product_cat","embeddable":true,"href":"https:\/\/side-med.at\/en\/wp-json\/wp\/v2\/product_cat?post=177397"},{"taxonomy":"product_tag","embeddable":true,"href":"https:\/\/side-med.at\/en\/wp-json\/wp\/v2\/product_tag?post=177397"}],"curies":[{"name":"wp","href":"https:\/\/api.w.org\/{rel}","templated":true}]}}